{"id":371,"date":"2016-04-07T15:20:19","date_gmt":"2016-04-07T14:20:19","guid":{"rendered":"http:\/\/www.pilibi.com\/F-Bacon\/?page_id=371"},"modified":"2016-05-24T19:29:32","modified_gmt":"2016-05-24T19:29:32","slug":"moule-pneumatique","status":"publish","type":"page","link":"https:\/\/www.f-bacon.com\/fr\/products\/dupont-krytox\/krytox-graisses\/moule-pneumatique","title":{"rendered":"Moule Pneumatique"},"content":{"rendered":"<p><\/p>\n<h4>Graisse\u00a0Moule Pneumatique<\/h4>\n<table>\n<tbody>\n<tr>\n<td style=\"width: 110px;\"><strong>TM100\u00a0Graisse<\/strong><\/td>\n<td>Cette nuance est con\u00e7ue pour la lubrification des moules segment\u00e9s, \u00e9lectriquement et chauff\u00e9 \u00e0 la vapeur, dans le processus de vulcanisation de la fabrication de pneus en caoutchouc avec une viscosit\u00e9 de 500 cSt @ 40 \u00b0 C et de grade NLGI 1.<\/td>\n<td><a href=\"http:\/\/www.f-bacon.com\/wp-content\/uploads\/2016\/04\/Krytox-TM-100.pdf\" target=\"_blank\" rel=\"\">SDS<\/a><\/td>\n<\/tr>\n<tr>\n<td><strong>TM7 <strong>Graisse<\/strong><\/strong><\/td>\n<td>Cette nuance est con\u00e7ue pour la lubrification des moules segment\u00e9s, \u00e9lectriquement et chauff\u00e9 \u00e0 la vapeur, dans le processus de vulcanisation de la fabrication de pneus en caoutchouc avec une viscosit\u00e9 de 500 cSt @ 40 \u00b0 C et de grade NLGI 2.<\/td>\n<td><a href=\"http:\/\/www.f-bacon.com\/wp-content\/uploads\/2016\/04\/Krytox-TM7.pdf\" target=\"_blank\" rel=\"\">SDS<\/a><\/td>\n<\/tr>\n<\/tbody>\n<\/table>\n<p><\/p>","protected":false},"excerpt":{"rendered":"<p>Graisse\u00a0Moule Pneumatique TM100\u00a0Graisse Cette nuance est con\u00e7ue pour la lubrification des moules segment\u00e9s, \u00e9lectriquement et chauff\u00e9 \u00e0 la vapeur, dans le processus de vulcanisation de la fabrication de pneus en caoutchouc avec une viscosit\u00e9 de 500 cSt @ 40 \u00b0&#8230; <\/p>\n","protected":false},"author":1,"featured_media":0,"parent":301,"menu_order":0,"comment_status":"closed","ping_status":"closed","template":"","meta":{"footnotes":""},"class_list":["post-371","page","type-page","status-publish","hentry"],"aioseo_notices":[],"_links":{"self":[{"href":"https:\/\/www.f-bacon.com\/fr\/wp-json\/wp\/v2\/pages\/371","targetHints":{"allow":["GET"]}}],"collection":[{"href":"https:\/\/www.f-bacon.com\/fr\/wp-json\/wp\/v2\/pages"}],"about":[{"href":"https:\/\/www.f-bacon.com\/fr\/wp-json\/wp\/v2\/types\/page"}],"author":[{"embeddable":true,"href":"https:\/\/www.f-bacon.com\/fr\/wp-json\/wp\/v2\/users\/1"}],"replies":[{"embeddable":true,"href":"https:\/\/www.f-bacon.com\/fr\/wp-json\/wp\/v2\/comments?post=371"}],"version-history":[{"count":5,"href":"https:\/\/www.f-bacon.com\/fr\/wp-json\/wp\/v2\/pages\/371\/revisions"}],"predecessor-version":[{"id":1213,"href":"https:\/\/www.f-bacon.com\/fr\/wp-json\/wp\/v2\/pages\/371\/revisions\/1213"}],"up":[{"embeddable":true,"href":"https:\/\/www.f-bacon.com\/fr\/wp-json\/wp\/v2\/pages\/301"}],"wp:attachment":[{"href":"https:\/\/www.f-bacon.com\/fr\/wp-json\/wp\/v2\/media?parent=371"}],"curies":[{"name":"wp","href":"https:\/\/api.w.org\/{rel}","templated":true}]}}