{"id":375,"date":"2016-04-07T15:29:58","date_gmt":"2016-04-07T14:29:58","guid":{"rendered":"http:\/\/www.pilibi.com\/F-Bacon\/?page_id=375"},"modified":"2016-05-24T19:29:51","modified_gmt":"2016-05-24T19:29:51","slug":"pompes-a-vide","status":"publish","type":"page","link":"https:\/\/www.f-bacon.com\/fr\/products\/dupont-krytox\/krytox-graisses\/pompes-a-vide","title":{"rendered":"Pompes \u00e0 Vide"},"content":{"rendered":"<p><\/p>\n<h4>Graisse\u00a0Pompes \u00e0 Vide<\/h4>\n<table>\n<tbody>\n<tr>\n<td style=\"width: 110px;\">LVP Graisse<\/td>\n<td>Graisse fluor\u00e9e pour roulements et joints de pompes \u00e0 vide.\u00a0Graisse PFPE pour tenue au vide pouss\u00e9 \/ Pression vapeur selon m\u00e9thode Knudsen \u00e0 20\u00b0C = 1x10e-13 torr.<br \/>\nGraisse hautes temp\u00e9ratures et faible pression de vapeur. Utilis\u00e9e dans les pompes \u00e0 vide.<\/td>\n<td><a href=\"http:\/\/www.f-bacon.com\/wp-content\/uploads\/2016\/04\/SDS-Krytox-PFPE_PTFE-Greases-GPL-20X-Series-ISS150402-English.pdf\" target=\"_blank\" rel=\"\">SDS<\/a><\/td>\n<\/tr>\n<\/tbody>\n<\/table>\n<p><\/p>","protected":false},"excerpt":{"rendered":"<p>Graisse\u00a0Pompes \u00e0 Vide LVP Graisse Graisse fluor\u00e9e pour roulements et joints de pompes \u00e0 vide.\u00a0Graisse PFPE pour tenue au vide pouss\u00e9 \/ Pression vapeur selon m\u00e9thode Knudsen \u00e0 20\u00b0C = 1x10e-13 torr. Graisse hautes temp\u00e9ratures et faible pression de vapeur&#8230;. <\/p>\n","protected":false},"author":1,"featured_media":0,"parent":301,"menu_order":0,"comment_status":"closed","ping_status":"closed","template":"","meta":{"footnotes":""},"class_list":["post-375","page","type-page","status-publish","hentry"],"aioseo_notices":[],"_links":{"self":[{"href":"https:\/\/www.f-bacon.com\/fr\/wp-json\/wp\/v2\/pages\/375","targetHints":{"allow":["GET"]}}],"collection":[{"href":"https:\/\/www.f-bacon.com\/fr\/wp-json\/wp\/v2\/pages"}],"about":[{"href":"https:\/\/www.f-bacon.com\/fr\/wp-json\/wp\/v2\/types\/page"}],"author":[{"embeddable":true,"href":"https:\/\/www.f-bacon.com\/fr\/wp-json\/wp\/v2\/users\/1"}],"replies":[{"embeddable":true,"href":"https:\/\/www.f-bacon.com\/fr\/wp-json\/wp\/v2\/comments?post=375"}],"version-history":[{"count":4,"href":"https:\/\/www.f-bacon.com\/fr\/wp-json\/wp\/v2\/pages\/375\/revisions"}],"predecessor-version":[{"id":1214,"href":"https:\/\/www.f-bacon.com\/fr\/wp-json\/wp\/v2\/pages\/375\/revisions\/1214"}],"up":[{"embeddable":true,"href":"https:\/\/www.f-bacon.com\/fr\/wp-json\/wp\/v2\/pages\/301"}],"wp:attachment":[{"href":"https:\/\/www.f-bacon.com\/fr\/wp-json\/wp\/v2\/media?parent=375"}],"curies":[{"name":"wp","href":"https:\/\/api.w.org\/{rel}","templated":true}]}}