{"id":378,"date":"2016-04-07T15:32:39","date_gmt":"2016-04-07T14:32:39","guid":{"rendered":"http:\/\/www.pilibi.com\/F-Bacon\/?page_id=378"},"modified":"2016-07-21T12:06:01","modified_gmt":"2016-07-21T12:06:01","slug":"huiles-krytox","status":"publish","type":"page","link":"https:\/\/www.f-bacon.com\/fr\/products\/dupont-krytox\/huiles-krytox","title":{"rendered":"KRYTOX\u00ae Huiles"},"content":{"rendered":"<p>Les huiles DuPont\u2122 Krytox\u00ae permettent d\u2019associer une lubrification de haute performance, une utilisation sur une large plage de temp\u00e9rature, une ininflammabilit\u00e9 tout en \u00e9tant chimiquement inertes. Les lubrifiants Krytox\u00ae sont largement reconnus pour leurs performances dans les environnements s\u00e9v\u00e8res, voire hostiles, dans tout type d\u2019industries. Les lubrifiants Krytox\u00ae offrent des solutions aux probl\u00e8mes de lubrification dans les applications critiques pouvant impliquer des temp\u00e9ratures extr\u00eames, exiger l\u2019ininflammabilit\u00e9, la compatibilit\u00e9 avec l\u2019oxyg\u00e8ne, la long\u00e9vit\u00e9, la r\u00e9sistance aux substances chimiques agressives ou r\u00e9actives. Les lubrifiants Krytox\u00ae permettent une performance sup\u00e9rieure, une r\u00e9duction de la maintenance et une plus longue dur\u00e9e de service.<\/p>\n<p><img loading=\"lazy\" decoding=\"async\" class=\"alignnone size-full wp-image-838\" src=\"http:\/\/www.f-bacon.com\/wp-content\/uploads\/2016\/04\/2008tsiquark.dupont-005.jpg\" alt=\"2008tsiquark.dupont 005\" width=\"500\" height=\"500\" srcset=\"https:\/\/www.f-bacon.com\/wp-content\/uploads\/2016\/04\/2008tsiquark.dupont-005.jpg 500w, https:\/\/www.f-bacon.com\/wp-content\/uploads\/2016\/04\/2008tsiquark.dupont-005-400x400.jpg 400w, https:\/\/www.f-bacon.com\/wp-content\/uploads\/2016\/04\/2008tsiquark.dupont-005-100x100.jpg 100w, https:\/\/www.f-bacon.com\/wp-content\/uploads\/2016\/04\/2008tsiquark.dupont-005-150x150.jpg 150w, https:\/\/www.f-bacon.com\/wp-content\/uploads\/2016\/04\/2008tsiquark.dupont-005-300x300.jpg 300w, https:\/\/www.f-bacon.com\/wp-content\/uploads\/2016\/04\/2008tsiquark.dupont-005-180x180.jpg 180w, https:\/\/www.f-bacon.com\/wp-content\/uploads\/2016\/04\/2008tsiquark.dupont-005-60x60.jpg 60w\" sizes=\"auto, (max-width: 500px) 100vw, 500px\" \/><\/p>","protected":false},"excerpt":{"rendered":"<p>Les huiles DuPont\u2122 Krytox\u00ae permettent d\u2019associer une lubrification de haute performance, une utilisation sur une large plage de temp\u00e9rature, une ininflammabilit\u00e9 tout en \u00e9tant chimiquement inertes. Les lubrifiants Krytox\u00ae sont largement reconnus pour leurs performances dans les environnements s\u00e9v\u00e8res, voire&#8230; <\/p>\n","protected":false},"author":1,"featured_media":0,"parent":94,"menu_order":0,"comment_status":"closed","ping_status":"closed","template":"","meta":{"footnotes":""},"class_list":["post-378","page","type-page","status-publish","hentry"],"aioseo_notices":[],"_links":{"self":[{"href":"https:\/\/www.f-bacon.com\/fr\/wp-json\/wp\/v2\/pages\/378","targetHints":{"allow":["GET"]}}],"collection":[{"href":"https:\/\/www.f-bacon.com\/fr\/wp-json\/wp\/v2\/pages"}],"about":[{"href":"https:\/\/www.f-bacon.com\/fr\/wp-json\/wp\/v2\/types\/page"}],"author":[{"embeddable":true,"href":"https:\/\/www.f-bacon.com\/fr\/wp-json\/wp\/v2\/users\/1"}],"replies":[{"embeddable":true,"href":"https:\/\/www.f-bacon.com\/fr\/wp-json\/wp\/v2\/comments?post=378"}],"version-history":[{"count":5,"href":"https:\/\/www.f-bacon.com\/fr\/wp-json\/wp\/v2\/pages\/378\/revisions"}],"predecessor-version":[{"id":1483,"href":"https:\/\/www.f-bacon.com\/fr\/wp-json\/wp\/v2\/pages\/378\/revisions\/1483"}],"up":[{"embeddable":true,"href":"https:\/\/www.f-bacon.com\/fr\/wp-json\/wp\/v2\/pages\/94"}],"wp:attachment":[{"href":"https:\/\/www.f-bacon.com\/fr\/wp-json\/wp\/v2\/media?parent=378"}],"curies":[{"name":"wp","href":"https:\/\/api.w.org\/{rel}","templated":true}]}}