{"id":380,"date":"2016-04-07T15:38:20","date_gmt":"2016-04-07T14:38:20","guid":{"rendered":"http:\/\/www.pilibi.com\/F-Bacon\/?page_id=380"},"modified":"2016-05-25T12:25:49","modified_gmt":"2016-05-25T12:25:49","slug":"fluides-fonctionnels","status":"publish","type":"page","link":"https:\/\/www.f-bacon.com\/fr\/products\/dupont-krytox\/huiles-krytox\/fluides-fonctionnels","title":{"rendered":"Fluides et huiles fonctionnelles"},"content":{"rendered":"<p><\/p>\n<h2>Fluides et huiles fonctionnelles<\/h2>\n<table>\n<tbody>\n<tr>\n<td style=\"width: 110px;\"><strong>157FS(H)\u00a0Huil<\/strong><\/td>\n<td>S\u00e9rie DuPont fluor\u00e9es Krytox\u00ae qui agit comme un agent tensio-actif ayant une viscosit\u00e9 de 800 \u00e0 2000 cSt \u00e0 40 \u00b0 C.<\/td>\n<td><a href=\"http:\/\/www.f-bacon.com\/wp-content\/uploads\/2016\/04\/SDS-Krytox-157FS-Oils-ISS150403-English.pdf\" target=\"_blank\" rel=\"\">SDS<\/a><\/td>\n<\/tr>\n<tr>\n<td><strong>157FS(L) <strong>Huile<\/strong><\/strong><\/td>\n<td>S\u00e9rie DuPont fluor\u00e9es Krytox\u00ae qui agit comme un agent tensio-actif ayant une viscosit\u00e9 de 120-160 cSt\u00a0\u00e0 40 \u00b0 C.<\/td>\n<td><a href=\"http:\/\/www.f-bacon.com\/wp-content\/uploads\/2016\/04\/SDS-Krytox-157FS-Oils-ISS150403-English.pdf\" target=\"_blank\" rel=\"\">SDS<\/a><\/td>\n<\/tr>\n<\/tbody>\n<\/table>\n<p><\/p>","protected":false},"excerpt":{"rendered":"<p>Fluides et huiles fonctionnelles 157FS(H)\u00a0Huil S\u00e9rie DuPont fluor\u00e9es Krytox\u00ae qui agit comme un agent tensio-actif ayant une viscosit\u00e9 de 800 \u00e0 2000 cSt \u00e0 40 \u00b0 C. SDS 157FS(L) Huile S\u00e9rie DuPont fluor\u00e9es Krytox\u00ae qui agit comme un agent tensio-actif&#8230; <\/p>\n","protected":false},"author":1,"featured_media":0,"parent":378,"menu_order":0,"comment_status":"closed","ping_status":"closed","template":"","meta":{"footnotes":""},"class_list":["post-380","page","type-page","status-publish","hentry"],"aioseo_notices":[],"_links":{"self":[{"href":"https:\/\/www.f-bacon.com\/fr\/wp-json\/wp\/v2\/pages\/380","targetHints":{"allow":["GET"]}}],"collection":[{"href":"https:\/\/www.f-bacon.com\/fr\/wp-json\/wp\/v2\/pages"}],"about":[{"href":"https:\/\/www.f-bacon.com\/fr\/wp-json\/wp\/v2\/types\/page"}],"author":[{"embeddable":true,"href":"https:\/\/www.f-bacon.com\/fr\/wp-json\/wp\/v2\/users\/1"}],"replies":[{"embeddable":true,"href":"https:\/\/www.f-bacon.com\/fr\/wp-json\/wp\/v2\/comments?post=380"}],"version-history":[{"count":4,"href":"https:\/\/www.f-bacon.com\/fr\/wp-json\/wp\/v2\/pages\/380\/revisions"}],"predecessor-version":[{"id":1230,"href":"https:\/\/www.f-bacon.com\/fr\/wp-json\/wp\/v2\/pages\/380\/revisions\/1230"}],"up":[{"embeddable":true,"href":"https:\/\/www.f-bacon.com\/fr\/wp-json\/wp\/v2\/pages\/378"}],"wp:attachment":[{"href":"https:\/\/www.f-bacon.com\/fr\/wp-json\/wp\/v2\/media?parent=380"}],"curies":[{"name":"wp","href":"https:\/\/api.w.org\/{rel}","templated":true}]}}