{"id":383,"date":"2016-04-07T15:45:10","date_gmt":"2016-04-07T14:45:10","guid":{"rendered":"http:\/\/www.pilibi.com\/F-Bacon\/?page_id=383"},"modified":"2016-05-25T12:43:19","modified_gmt":"2016-05-25T12:43:19","slug":"aerospatial-aviation-defense-nationale","status":"publish","type":"page","link":"https:\/\/www.f-bacon.com\/fr\/products\/dupont-krytox\/huiles-krytox\/aerospatial-aviation-defense-nationale","title":{"rendered":"A\u00e9rospatiale Aviation D\u00e9fense Nationale"},"content":{"rendered":"<p><\/p>\n<h2>A\u00e9rospatiale Aviation D\u00e9fense Nationale<\/h2>\n<table>\n<tbody>\n<tr>\n<td style=\"width: 110px;\"><strong>143AA\u00a0Huile<\/strong><\/td>\n<td>Krytox\u00ae lubrifiants de l&rsquo;a\u00e9rospatiale ont \u00e9t\u00e9 cr\u00e9\u00e9s par DuPont pour r\u00e9sister aux rigueurs des vols orbitaux dans le vide de l&rsquo;espace. Cette nuance a une viscosit\u00e9 de 78 cSt @ 40 degees C.<\/td>\n<td><a href=\"http:\/\/www.f-bacon.com\/wp-content\/uploads\/2016\/04\/Krytox-143-series.pdf\" target=\"_blank\" rel=\"\">SDS<\/a><\/td>\n<\/tr>\n<tr>\n<td><strong>143AB <strong>Huile<\/strong><\/strong><\/td>\n<td>Krytox\u00ae lubrifiants de l&rsquo;a\u00e9rospatiale ont \u00e9t\u00e9 cr\u00e9\u00e9s par DuPont pour r\u00e9sister aux rigueurs des vols orbitaux dans le vide de l&rsquo;espace. Cette nuance a une viscosit\u00e9 de 78 cSt @ 40 degees C.<\/td>\n<td><a href=\"http:\/\/www.f-bacon.com\/wp-content\/uploads\/2016\/04\/SDS-Krytox-143-Series-Oils-ISS150401-English.pdf\" rel=\"\">SDS<\/a><\/td>\n<\/tr>\n<tr>\n<td><strong>143AC <strong>Huile<\/strong><\/strong><\/td>\n<td>Krytox\u00ae lubrifiants de l&rsquo;a\u00e9rospatiale ont \u00e9t\u00e9 cr\u00e9\u00e9s par DuPont pour r\u00e9sister aux rigueurs des vols orbitaux dans le vide de l&rsquo;espace. Cette nuance a une viscosit\u00e9 de 243\u00a0cSt @ 40 degees C.<\/td>\n<td><a href=\"http:\/\/www.f-bacon.com\/wp-content\/uploads\/2016\/04\/SDS-Krytox-143-Series-Oils-ISS150401-English.pdf\" rel=\"\">SDS<\/a><\/td>\n<\/tr>\n<tr>\n<td><strong>143AD <strong>Huile<\/strong><\/strong><\/td>\n<td>Krytox\u00ae lubrifiants de l&rsquo;a\u00e9rospatiale ont \u00e9t\u00e9 cr\u00e9\u00e9s par DuPont pour r\u00e9sister aux rigueurs des vols orbitaux dans le vide de l&rsquo;espace. Cette nuance a une viscosit\u00e9 de 450\u00a0cSt @ 40 degees C.<\/td>\n<td><a href=\"http:\/\/www.f-bacon.com\/wp-content\/uploads\/2016\/04\/SDS-Krytox-143-Series-Oils-ISS150401-English.pdf\" rel=\"\">SDS<\/a><\/td>\n<\/tr>\n<tr>\n<td><strong>143AY <strong>Huile<\/strong><\/strong><\/td>\n<td>Krytox\u00ae lubrifiants de l&rsquo;a\u00e9rospatiale ont \u00e9t\u00e9 cr\u00e9\u00e9s par DuPont pour r\u00e9sister aux rigueurs des vols orbitaux dans le vide de l&rsquo;espace. Cette nuance a une viscosit\u00e9 de 50cSt @ 40 degees C.<\/td>\n<td><a href=\"http:\/\/www.f-bacon.com\/wp-content\/uploads\/2016\/04\/Krytox-143-series.pdf\" target=\"_blank\" rel=\"\">SDS<\/a><\/td>\n<\/tr>\n<tr>\n<td><strong>143AZ <strong>Huile<\/strong><\/strong><\/td>\n<td>Krytox\u00ae lubrifiants de l&rsquo;a\u00e9rospatiale ont \u00e9t\u00e9 cr\u00e9\u00e9s par DuPont pour r\u00e9sister aux rigueurs des vols orbitaux dans le vide de l&rsquo;espace. Cette nuance a une viscosit\u00e9 de 22.8\u00a0cSt @ 40 degees C.<\/td>\n<td><a href=\"http:\/\/www.f-bacon.com\/wp-content\/uploads\/2016\/04\/Krytox-143-series.pdf\" target=\"_blank\" rel=\"\">SDS<\/a><\/td>\n<\/tr>\n<\/tbody>\n<\/table>\n<p><\/p>","protected":false},"excerpt":{"rendered":"<p>A\u00e9rospatiale Aviation D\u00e9fense Nationale 143AA\u00a0Huile Krytox\u00ae lubrifiants de l&rsquo;a\u00e9rospatiale ont \u00e9t\u00e9 cr\u00e9\u00e9s par DuPont pour r\u00e9sister aux rigueurs des vols orbitaux dans le vide de l&rsquo;espace. Cette nuance a une viscosit\u00e9 de 78 cSt @ 40 degees C. SDS 143AB&#8230; <\/p>\n","protected":false},"author":1,"featured_media":0,"parent":378,"menu_order":0,"comment_status":"closed","ping_status":"closed","template":"","meta":{"footnotes":""},"class_list":["post-383","page","type-page","status-publish","hentry"],"aioseo_notices":[],"_links":{"self":[{"href":"https:\/\/www.f-bacon.com\/fr\/wp-json\/wp\/v2\/pages\/383","targetHints":{"allow":["GET"]}}],"collection":[{"href":"https:\/\/www.f-bacon.com\/fr\/wp-json\/wp\/v2\/pages"}],"about":[{"href":"https:\/\/www.f-bacon.com\/fr\/wp-json\/wp\/v2\/types\/page"}],"author":[{"embeddable":true,"href":"https:\/\/www.f-bacon.com\/fr\/wp-json\/wp\/v2\/users\/1"}],"replies":[{"embeddable":true,"href":"https:\/\/www.f-bacon.com\/fr\/wp-json\/wp\/v2\/comments?post=383"}],"version-history":[{"count":5,"href":"https:\/\/www.f-bacon.com\/fr\/wp-json\/wp\/v2\/pages\/383\/revisions"}],"predecessor-version":[{"id":1235,"href":"https:\/\/www.f-bacon.com\/fr\/wp-json\/wp\/v2\/pages\/383\/revisions\/1235"}],"up":[{"embeddable":true,"href":"https:\/\/www.f-bacon.com\/fr\/wp-json\/wp\/v2\/pages\/378"}],"wp:attachment":[{"href":"https:\/\/www.f-bacon.com\/fr\/wp-json\/wp\/v2\/media?parent=383"}],"curies":[{"name":"wp","href":"https:\/\/api.w.org\/{rel}","templated":true}]}}