{"id":387,"date":"2016-04-07T15:50:48","date_gmt":"2016-04-07T14:50:48","guid":{"rendered":"http:\/\/www.pilibi.com\/F-Bacon\/?page_id=387"},"modified":"2016-05-25T12:45:25","modified_gmt":"2016-05-25T12:45:25","slug":"haute-pression","status":"publish","type":"page","link":"https:\/\/www.f-bacon.com\/fr\/products\/dupont-krytox\/huiles-krytox\/haute-pression","title":{"rendered":"Haute Pression"},"content":{"rendered":"<p><\/p>\n<h2>Huile\u00a0Haute Pression<\/h2>\n<table>\n<tbody>\n<tr>\n<td style=\"width: 110px;\"><strong>XP-1A0\u00a0Huile<\/strong><\/td>\n<td>Perfluoropoly\u00e9ther typique ( PFPE ) graisses utilis\u00e9 des additifs solides pour antirouille, anti-usure ou pression extr\u00eame avec une viscosit\u00e9 de 4 cSt @ 40 degr\u00e9s C.<\/td>\n<td><a href=\"http:\/\/www.f-bacon.com\/wp-content\/uploads\/2016\/04\/SDS-Krytox-XP-1AX-Oil-ISS150327-English.pdf\" target=\"_blank\" rel=\"\">SDS<\/a><\/td>\n<\/tr>\n<tr>\n<td><strong>XP-1A2 <strong>Huile<\/strong><\/strong><\/td>\n<td>Perfluoropoly\u00e9ther typique ( PFPE ) graisses utilis\u00e9 des additifs solides pour antirouille, anti-usure ou pression extr\u00eame avec une viscosit\u00e9 de 240 cSt @ 40 degr\u00e9s C.<\/td>\n<td><\/td>\n<\/tr>\n<tr>\n<td><strong>XP-1A3 <strong>Huile<\/strong><\/strong><\/td>\n<td>Perfluoropoly\u00e9ther typique ( PFPE ) graisses utilis\u00e9 des additifs solides pour antirouille, anti-usure ou pression extr\u00eame avec une viscosit\u00e9 de 30\u00a0cSt @ 40 degr\u00e9s C.<\/td>\n<td><a href=\"http:\/\/www.f-bacon.com\/wp-content\/uploads\/2016\/04\/SDS-Krytox-XP-1AX-Oil-ISS150327-English.pdf\" target=\"_blank\" rel=\"\">SDS<\/a><\/td>\n<\/tr>\n<tr>\n<td><strong>XP-1A4 <strong>Huile<\/strong><\/strong><\/td>\n<td>Perfluoropoly\u00e9ther typique ( PFPE ) graisses utilis\u00e9 des additifs solides pour antirouille, anti-usure ou pression extr\u00eame avec une viscosit\u00e9 de 36\u00a0cSt @ 40 degr\u00e9s C.<\/td>\n<td><a href=\"http:\/\/www.f-bacon.com\/wp-content\/uploads\/2016\/04\/SDS-Krytox-XP-1AX-Oil-ISS150327-English.pdf\" target=\"_blank\" rel=\"\">SDS<\/a><\/td>\n<\/tr>\n<tr>\n<td><strong>XP-1A5 <strong>Huile<\/strong><\/strong><\/td>\n<td>Perfluoropoly\u00e9ther typique ( PFPE ) graisses utilis\u00e9 des additifs solides pour antirouille, anti-usure ou pression extr\u00eame avec une viscosit\u00e9 de 160\u00a0cSt @ 40 degr\u00e9s C.<\/td>\n<td><a href=\"http:\/\/www.f-bacon.com\/wp-content\/uploads\/2016\/04\/Krytox-XP-1A5.pdf\" target=\"_blank\" rel=\"\">SDS<\/a><\/td>\n<\/tr>\n<tr>\n<td><strong>XP-1A6 <strong>Huile<\/strong><\/strong><\/td>\n<td>Perfluoropoly\u00e9ther typique ( PFPE ) graisses utilis\u00e9 des additifs solides pour antirouille, anti-usure ou pression extr\u00eame avec une viscosit\u00e9 de 240 cSt @ 40 degr\u00e9s C.<\/td>\n<td><a href=\"http:\/\/www.f-bacon.com\/wp-content\/uploads\/2016\/04\/SDS-Krytox-XP-1AX-Oil-ISS150327-English.pdf\" target=\"_blank\" rel=\"\">SDS<\/a><\/td>\n<\/tr>\n<tr>\n<td><strong>XP-1A7 <strong>Huile<\/strong><\/strong><\/td>\n<td>Perfluoropoly\u00e9ther typique ( PFPE ) graisses utilis\u00e9 des additifs solides pour antirouille, anti-usure ou pression extr\u00eame avec une viscosit\u00e9 de 440 cSt @ 40 degr\u00e9s C.<\/td>\n<td><a href=\"http:\/\/www.f-bacon.com\/wp-content\/uploads\/2016\/04\/MSDS-Krytox-Extreme-Pressure-Oils-XP-1A-Series-Oils.pdf\" target=\"_blank\" rel=\"\">SDS<\/a><\/td>\n<\/tr>\n<\/tbody>\n<\/table>\n<p><\/p>","protected":false},"excerpt":{"rendered":"<p>Huile\u00a0Haute Pression XP-1A0\u00a0Huile Perfluoropoly\u00e9ther typique ( PFPE ) graisses utilis\u00e9 des additifs solides pour antirouille, anti-usure ou pression extr\u00eame avec une viscosit\u00e9 de 4 cSt @ 40 degr\u00e9s C. SDS XP-1A2 Huile Perfluoropoly\u00e9ther typique ( PFPE ) graisses utilis\u00e9 des&#8230; <\/p>\n","protected":false},"author":1,"featured_media":0,"parent":378,"menu_order":0,"comment_status":"closed","ping_status":"closed","template":"","meta":{"footnotes":""},"class_list":["post-387","page","type-page","status-publish","hentry"],"aioseo_notices":[],"_links":{"self":[{"href":"https:\/\/www.f-bacon.com\/fr\/wp-json\/wp\/v2\/pages\/387","targetHints":{"allow":["GET"]}}],"collection":[{"href":"https:\/\/www.f-bacon.com\/fr\/wp-json\/wp\/v2\/pages"}],"about":[{"href":"https:\/\/www.f-bacon.com\/fr\/wp-json\/wp\/v2\/types\/page"}],"author":[{"embeddable":true,"href":"https:\/\/www.f-bacon.com\/fr\/wp-json\/wp\/v2\/users\/1"}],"replies":[{"embeddable":true,"href":"https:\/\/www.f-bacon.com\/fr\/wp-json\/wp\/v2\/comments?post=387"}],"version-history":[{"count":4,"href":"https:\/\/www.f-bacon.com\/fr\/wp-json\/wp\/v2\/pages\/387\/revisions"}],"predecessor-version":[{"id":1236,"href":"https:\/\/www.f-bacon.com\/fr\/wp-json\/wp\/v2\/pages\/387\/revisions\/1236"}],"up":[{"embeddable":true,"href":"https:\/\/www.f-bacon.com\/fr\/wp-json\/wp\/v2\/pages\/378"}],"wp:attachment":[{"href":"https:\/\/www.f-bacon.com\/fr\/wp-json\/wp\/v2\/media?parent=387"}],"curies":[{"name":"wp","href":"https:\/\/api.w.org\/{rel}","templated":true}]}}