{"id":392,"date":"2016-04-07T16:00:16","date_gmt":"2016-04-07T15:00:16","guid":{"rendered":"http:\/\/www.pilibi.com\/F-Bacon\/?page_id=392"},"modified":"2016-05-25T12:24:17","modified_gmt":"2016-05-25T12:24:17","slug":"temperatures-extremes","status":"publish","type":"page","link":"https:\/\/www.f-bacon.com\/fr\/products\/dupont-krytox\/huiles-krytox\/temperatures-extremes","title":{"rendered":"Temp\u00e9ratures Extr\u00eames"},"content":{"rendered":"<p><\/p>\n<h2>Temp\u00e9ratures Extr\u00eames<\/h2>\n<table>\n<tbody>\n<tr>\n<td style=\"width: 110px;\"><strong>XHT-1000\u00a0Huile<\/strong><\/td>\n<td>Une huiles de qualit\u00e9 \u00e9lev\u00e9e pour\u00a0des temp\u00e9ratures extr\u00eames avec une faible \u00e9vaporation et un traitement suppl\u00e9mentaire pour permettre une utilisation \u00e0 des temp\u00e9ratures sup\u00e9rieures \u00e0 la gamme des huiles PFPE normales avec une viscosit\u00e9 de 1023 cSt @ 40 degr\u00e9s C.<\/td>\n<td><a href=\"http:\/\/www.f-bacon.com\/wp-content\/uploads\/2016\/04\/SDS-Krytox-PFPE-Oils-ISS150402-English.pdf\" target=\"_blank\" rel=\"\">SDS<\/a><\/td>\n<\/tr>\n<tr>\n<td><strong>XHT-500 <strong>Huile<\/strong><\/strong><\/td>\n<td>Une huiles de qualit\u00e9 \u00e9lev\u00e9e pour\u00a0des temp\u00e9ratures extr\u00eames avec une faible \u00e9vaporation et un traitement suppl\u00e9mentaire pour permettre une utilisation \u00e0 des temp\u00e9ratures sup\u00e9rieures \u00e0 la gamme des huiles PFPE normales avec une viscosit\u00e9 de 500\u00a0cSt @ 40 degr\u00e9s C.<\/td>\n<td><a href=\"http:\/\/www.f-bacon.com\/wp-content\/uploads\/2016\/04\/SDS-Krytox-PFPE-Oils-ISS150402-English.pdf\" target=\"_blank\" rel=\"\">SDS<\/a><\/td>\n<\/tr>\n<tr>\n<td><strong>XHT-750 <strong>Huile<\/strong><\/strong><\/td>\n<td>Une huiles de qualit\u00e9 \u00e9lev\u00e9e pour\u00a0des temp\u00e9ratures extr\u00eames avec une faible \u00e9vaporation et un traitement suppl\u00e9mentaire pour permettre une utilisation \u00e0 des temp\u00e9ratures sup\u00e9rieures \u00e0 la gamme des huiles PFPE normales avec une viscosit\u00e9 de 2610cSt @ 40 degr\u00e9s C.<\/td>\n<td><a href=\"http:\/\/www.f-bacon.com\/wp-content\/uploads\/2016\/04\/MSDS-Krytox-PFPE-Oils-7-9-2013.pdf\" target=\"_blank\" rel=\"\">SDS<\/a><\/td>\n<\/tr>\n<\/tbody>\n<\/table>\n<p><\/p>","protected":false},"excerpt":{"rendered":"<p>Temp\u00e9ratures Extr\u00eames XHT-1000\u00a0Huile Une huiles de qualit\u00e9 \u00e9lev\u00e9e pour\u00a0des temp\u00e9ratures extr\u00eames avec une faible \u00e9vaporation et un traitement suppl\u00e9mentaire pour permettre une utilisation \u00e0 des temp\u00e9ratures sup\u00e9rieures \u00e0 la gamme des huiles PFPE normales avec une viscosit\u00e9 de 1023 cSt&#8230; <\/p>\n","protected":false},"author":1,"featured_media":0,"parent":378,"menu_order":0,"comment_status":"closed","ping_status":"closed","template":"","meta":{"footnotes":""},"class_list":["post-392","page","type-page","status-publish","hentry"],"aioseo_notices":[],"_links":{"self":[{"href":"https:\/\/www.f-bacon.com\/fr\/wp-json\/wp\/v2\/pages\/392","targetHints":{"allow":["GET"]}}],"collection":[{"href":"https:\/\/www.f-bacon.com\/fr\/wp-json\/wp\/v2\/pages"}],"about":[{"href":"https:\/\/www.f-bacon.com\/fr\/wp-json\/wp\/v2\/types\/page"}],"author":[{"embeddable":true,"href":"https:\/\/www.f-bacon.com\/fr\/wp-json\/wp\/v2\/users\/1"}],"replies":[{"embeddable":true,"href":"https:\/\/www.f-bacon.com\/fr\/wp-json\/wp\/v2\/comments?post=392"}],"version-history":[{"count":4,"href":"https:\/\/www.f-bacon.com\/fr\/wp-json\/wp\/v2\/pages\/392\/revisions"}],"predecessor-version":[{"id":1229,"href":"https:\/\/www.f-bacon.com\/fr\/wp-json\/wp\/v2\/pages\/392\/revisions\/1229"}],"up":[{"embeddable":true,"href":"https:\/\/www.f-bacon.com\/fr\/wp-json\/wp\/v2\/pages\/378"}],"wp:attachment":[{"href":"https:\/\/www.f-bacon.com\/fr\/wp-json\/wp\/v2\/media?parent=392"}],"curies":[{"name":"wp","href":"https:\/\/api.w.org\/{rel}","templated":true}]}}