{"id":395,"date":"2016-04-07T16:13:45","date_gmt":"2016-04-07T15:13:45","guid":{"rendered":"http:\/\/www.pilibi.com\/F-Bacon\/?page_id=395"},"modified":"2016-05-25T12:32:16","modified_gmt":"2016-05-25T12:32:16","slug":"traitement-metaux","status":"publish","type":"page","link":"https:\/\/www.f-bacon.com\/fr\/products\/dupont-krytox\/huiles-krytox\/traitement-metaux","title":{"rendered":"Traitement M\u00e9taux"},"content":{"rendered":"<p><\/p>\n<h2>Huile Traitement M\u00e9taux<\/h2>\n<table>\n<tbody>\n<tr>\n<td style=\"width: 110px;\"><strong>CBF 100B\u00a0Huile<\/strong><\/td>\n<td>DuPont\u2122 Krytox\u00ae fluides de m\u00e9tallisation une gamme incolores, fluides fluor\u00e9s destin\u00e9s \u00e0 \u00eatre utilis\u00e9s dans les proc\u00e9d\u00e9s de m\u00e9tallisation o\u00f9 les propri\u00e9t\u00e9s d&rsquo;\u00e9vaporation sont n\u00e9cessaires permettant des processus de m\u00e9tallisation de fonctionner \u00e0 des temp\u00e9ratures d&rsquo;\u00e9vaporation plus bas et plus constants. La distillation de ces fluides de m\u00e9tallisation donne plus de mati\u00e8re \u00e0 \u00e9vaporer et laisse moins de r\u00e9sidus.<\/td>\n<td><a href=\"http:\/\/www.f-bacon.com\/wp-content\/uploads\/2016\/04\/SDS-Krytox-PFPE-Oils-ISS150402-English.pdf\" target=\"_blank\" rel=\"\">SDS<\/a><\/td>\n<\/tr>\n<tr>\n<td><strong>CBF103B\u00a0Huile<\/strong><\/td>\n<td>DuPont\u2122 Krytox\u00ae fluides de m\u00e9tallisation une gamme incolores, fluides fluor\u00e9s destin\u00e9s \u00e0 \u00eatre utilis\u00e9s dans les proc\u00e9d\u00e9s de m\u00e9tallisation o\u00f9 les propri\u00e9t\u00e9s d&rsquo;\u00e9vaporation sont n\u00e9cessaires permettant des processus de m\u00e9tallisation de fonctionner \u00e0 des temp\u00e9ratures d&rsquo;\u00e9vaporation plus bas et plus constants. La distillation de ces fluides de m\u00e9tallisation donne plus de mati\u00e8re \u00e0 \u00e9vaporer et laisse moins de r\u00e9sidus.<\/td>\n<td><a href=\"http:\/\/www.f-bacon.com\/wp-content\/uploads\/2016\/04\/MSDS-Krytox-PFPE-Oils-7-9-2013.pdf\" target=\"_blank\" rel=\"\">SDS<\/a><\/td>\n<\/tr>\n<\/tbody>\n<\/table>\n<p><\/p>","protected":false},"excerpt":{"rendered":"<p>Huile Traitement M\u00e9taux CBF 100B\u00a0Huile DuPont\u2122 Krytox\u00ae fluides de m\u00e9tallisation une gamme incolores, fluides fluor\u00e9s destin\u00e9s \u00e0 \u00eatre utilis\u00e9s dans les proc\u00e9d\u00e9s de m\u00e9tallisation o\u00f9 les propri\u00e9t\u00e9s d&rsquo;\u00e9vaporation sont n\u00e9cessaires permettant des processus de m\u00e9tallisation de fonctionner \u00e0 des temp\u00e9ratures&#8230; <\/p>\n","protected":false},"author":1,"featured_media":0,"parent":378,"menu_order":0,"comment_status":"closed","ping_status":"closed","template":"","meta":{"footnotes":""},"class_list":["post-395","page","type-page","status-publish","hentry"],"aioseo_notices":[],"_links":{"self":[{"href":"https:\/\/www.f-bacon.com\/fr\/wp-json\/wp\/v2\/pages\/395","targetHints":{"allow":["GET"]}}],"collection":[{"href":"https:\/\/www.f-bacon.com\/fr\/wp-json\/wp\/v2\/pages"}],"about":[{"href":"https:\/\/www.f-bacon.com\/fr\/wp-json\/wp\/v2\/types\/page"}],"author":[{"embeddable":true,"href":"https:\/\/www.f-bacon.com\/fr\/wp-json\/wp\/v2\/users\/1"}],"replies":[{"embeddable":true,"href":"https:\/\/www.f-bacon.com\/fr\/wp-json\/wp\/v2\/comments?post=395"}],"version-history":[{"count":4,"href":"https:\/\/www.f-bacon.com\/fr\/wp-json\/wp\/v2\/pages\/395\/revisions"}],"predecessor-version":[{"id":1231,"href":"https:\/\/www.f-bacon.com\/fr\/wp-json\/wp\/v2\/pages\/395\/revisions\/1231"}],"up":[{"embeddable":true,"href":"https:\/\/www.f-bacon.com\/fr\/wp-json\/wp\/v2\/pages\/378"}],"wp:attachment":[{"href":"https:\/\/www.f-bacon.com\/fr\/wp-json\/wp\/v2\/media?parent=395"}],"curies":[{"name":"wp","href":"https:\/\/api.w.org\/{rel}","templated":true}]}}