{"id":397,"date":"2016-04-07T16:16:36","date_gmt":"2016-04-07T15:16:36","guid":{"rendered":"http:\/\/www.pilibi.com\/F-Bacon\/?page_id=397"},"modified":"2016-05-25T12:33:39","modified_gmt":"2016-05-25T12:33:39","slug":"gaz-reactif","status":"publish","type":"page","link":"https:\/\/www.f-bacon.com\/fr\/products\/dupont-krytox\/huiles-krytox\/gaz-reactif","title":{"rendered":"Gaz R\u00e9actif"},"content":{"rendered":"<p><\/p>\n<h2>Gaz R\u00e9actif<\/h2>\n<table>\n<tbody>\n<tr>\n<td style=\"width: 110px;\"><strong>NRT 8805\u00a0Huile<\/strong><\/td>\n<td>Huile incolore claire pour une utilisation dans les pompes \u00e0 vide et compresseurs d&rsquo;oxyg\u00e8ne avec une viscosit\u00e9 de 81 cSt @ 40 degr\u00e9s C.<\/td>\n<td><a href=\"http:\/\/www.f-bacon.com\/wp-content\/uploads\/2016\/04\/Krytox-1506XP_-1514XP_-1525XP_-1531XP.pdf\" target=\"_blank\" rel=\"\">SDS<\/a><\/td>\n<\/tr>\n<\/tbody>\n<\/table>\n<p><\/p>","protected":false},"excerpt":{"rendered":"<p>Gaz R\u00e9actif NRT 8805\u00a0Huile Huile incolore claire pour une utilisation dans les pompes \u00e0 vide et compresseurs d&rsquo;oxyg\u00e8ne avec une viscosit\u00e9 de 81 cSt @ 40 degr\u00e9s C. SDS<\/p>\n","protected":false},"author":1,"featured_media":0,"parent":378,"menu_order":0,"comment_status":"closed","ping_status":"closed","template":"","meta":{"footnotes":""},"class_list":["post-397","page","type-page","status-publish","hentry"],"aioseo_notices":[],"_links":{"self":[{"href":"https:\/\/www.f-bacon.com\/fr\/wp-json\/wp\/v2\/pages\/397","targetHints":{"allow":["GET"]}}],"collection":[{"href":"https:\/\/www.f-bacon.com\/fr\/wp-json\/wp\/v2\/pages"}],"about":[{"href":"https:\/\/www.f-bacon.com\/fr\/wp-json\/wp\/v2\/types\/page"}],"author":[{"embeddable":true,"href":"https:\/\/www.f-bacon.com\/fr\/wp-json\/wp\/v2\/users\/1"}],"replies":[{"embeddable":true,"href":"https:\/\/www.f-bacon.com\/fr\/wp-json\/wp\/v2\/comments?post=397"}],"version-history":[{"count":5,"href":"https:\/\/www.f-bacon.com\/fr\/wp-json\/wp\/v2\/pages\/397\/revisions"}],"predecessor-version":[{"id":1232,"href":"https:\/\/www.f-bacon.com\/fr\/wp-json\/wp\/v2\/pages\/397\/revisions\/1232"}],"up":[{"embeddable":true,"href":"https:\/\/www.f-bacon.com\/fr\/wp-json\/wp\/v2\/pages\/378"}],"wp:attachment":[{"href":"https:\/\/www.f-bacon.com\/fr\/wp-json\/wp\/v2\/media?parent=397"}],"curies":[{"name":"wp","href":"https:\/\/api.w.org\/{rel}","templated":true}]}}