{"id":400,"date":"2016-04-07T16:19:29","date_gmt":"2016-04-07T15:19:29","guid":{"rendered":"http:\/\/www.pilibi.com\/F-Bacon\/?page_id=400"},"modified":"2016-05-25T12:34:47","modified_gmt":"2016-05-25T12:34:47","slug":"applications-speciales","status":"publish","type":"page","link":"https:\/\/www.f-bacon.com\/fr\/products\/dupont-krytox\/huiles-krytox\/applications-speciales","title":{"rendered":"Applications Sp\u00e9cialis\u00e9s"},"content":{"rendered":"<p><\/p>\n<h2>Applications Sp\u00e9cialis\u00e9s<\/h2>\n<table>\n<tbody>\n<tr>\n<td style=\"width: 100px;\"><strong>ACW\u00a0Huile<\/strong><\/td>\n<td>DuPont \u2122 Krytox ACW est un rev\u00eatement humide formul\u00e9 avec un additif anti- rouille brevet\u00e9e pour prot\u00e9ger la surface de roulement. Krytox ACW est compatible avec les huiles et les graisses Krytox et laissera une mince couche de d&rsquo;huile et d&rsquo;additif sur la surface pour emp\u00eacher la corrosion.<\/td>\n<td><a href=\"http:\/\/www.f-bacon.com\/wp-content\/uploads\/2016\/04\/Krytox-ACW.pdf\" target=\"_blank\" rel=\"\">SDS<\/a><\/td>\n<\/tr>\n<\/tbody>\n<\/table>\n<p><\/p>","protected":false},"excerpt":{"rendered":"<p>Applications Sp\u00e9cialis\u00e9s ACW\u00a0Huile DuPont \u2122 Krytox ACW est un rev\u00eatement humide formul\u00e9 avec un additif anti- rouille brevet\u00e9e pour prot\u00e9ger la surface de roulement. Krytox ACW est compatible avec les huiles et les graisses Krytox et laissera une mince couche&#8230; <\/p>\n","protected":false},"author":1,"featured_media":0,"parent":378,"menu_order":0,"comment_status":"closed","ping_status":"closed","template":"","meta":{"footnotes":""},"class_list":["post-400","page","type-page","status-publish","hentry"],"aioseo_notices":[],"_links":{"self":[{"href":"https:\/\/www.f-bacon.com\/fr\/wp-json\/wp\/v2\/pages\/400","targetHints":{"allow":["GET"]}}],"collection":[{"href":"https:\/\/www.f-bacon.com\/fr\/wp-json\/wp\/v2\/pages"}],"about":[{"href":"https:\/\/www.f-bacon.com\/fr\/wp-json\/wp\/v2\/types\/page"}],"author":[{"embeddable":true,"href":"https:\/\/www.f-bacon.com\/fr\/wp-json\/wp\/v2\/users\/1"}],"replies":[{"embeddable":true,"href":"https:\/\/www.f-bacon.com\/fr\/wp-json\/wp\/v2\/comments?post=400"}],"version-history":[{"count":4,"href":"https:\/\/www.f-bacon.com\/fr\/wp-json\/wp\/v2\/pages\/400\/revisions"}],"predecessor-version":[{"id":1233,"href":"https:\/\/www.f-bacon.com\/fr\/wp-json\/wp\/v2\/pages\/400\/revisions\/1233"}],"up":[{"embeddable":true,"href":"https:\/\/www.f-bacon.com\/fr\/wp-json\/wp\/v2\/pages\/378"}],"wp:attachment":[{"href":"https:\/\/www.f-bacon.com\/fr\/wp-json\/wp\/v2\/media?parent=400"}],"curies":[{"name":"wp","href":"https:\/\/api.w.org\/{rel}","templated":true}]}}