{"id":403,"date":"2016-04-07T17:08:45","date_gmt":"2016-04-07T16:08:45","guid":{"rendered":"http:\/\/www.pilibi.com\/F-Bacon\/?page_id=403"},"modified":"2016-05-25T12:41:12","modified_gmt":"2016-05-25T12:41:12","slug":"pompes-a-vide","status":"publish","type":"page","link":"https:\/\/www.f-bacon.com\/fr\/products\/dupont-krytox\/huiles-krytox\/pompes-a-vide","title":{"rendered":"Pompes \u00e0 Vide"},"content":{"rendered":"<p><\/p>\n<h2>Pompes \u00e0 Vide<\/h2>\n<table>\n<tbody>\n<tr>\n<td style=\"width: 110px;\"><strong>1506\u00a0Huile<\/strong><\/td>\n<td>Ce grade est utilis\u00e9 dans les applications o\u00f9 les huiles de la pompe \u00e0 vide conventionnelle causent des probl\u00e8mes de s\u00e9curit\u00e9. Il est ininflammable et \u00e9limine les risques d&rsquo;incendie dans les pompes. Il est non r\u00e9actif et s\u00fbr \u00e0 utiliser dans les syst\u00e8mes d&rsquo;oxyg\u00e8ne. Viscosit\u00e9 de 15,5 cSt \u00e0 50 \u00b0 C.<\/td>\n<td><a href=\"http:\/\/www.f-bacon.com\/wp-content\/uploads\/2016\/04\/SDS-Krytox-PFPE-Oils-ISS150402-English.pdf\" target=\"_blank\" rel=\"\">SDS<\/a><\/td>\n<\/tr>\n<tr>\n<td><strong>1506XP <strong>Huile<\/strong><\/strong><\/td>\n<td>Huile pour\u00a0pompe \u00e0 vide qui contient un additif soluble pour emp\u00eacher la rouille. Elle a une viscosit\u00e9 de 15,5 cSt \u00e0 50 \u00b0 C.<\/td>\n<td><a href=\"http:\/\/www.f-bacon.com\/wp-content\/uploads\/2016\/04\/SDS-Krytox-1506XP-Oil-ISS150327-English.pdf\" target=\"_blank\" rel=\"\">SDS<\/a><\/td>\n<\/tr>\n<tr>\n<td><strong>1514 <strong>Huile<\/strong><\/strong><\/td>\n<td>Ce grade est utilis\u00e9 dans les applications o\u00f9 les huiles de la pompe \u00e0 vide conventionnelle causent des probl\u00e8mes de s\u00e9curit\u00e9. Il est ininflammable et \u00e9limine les risques d&rsquo;incendie dans les pompes. Il est non r\u00e9actif et s\u00fbr \u00e0 utiliser dans les syst\u00e8mes d&rsquo;oxyg\u00e8ne. Viscosit\u00e9 de 32\u00a0cSt \u00e0 50 \u00b0 C.<\/td>\n<td><a href=\"http:\/\/www.f-bacon.com\/wp-content\/uploads\/2016\/04\/SDS-Krytox-PFPE-Oils-ISS150402-English.pdf\" target=\"_blank\" rel=\"\">SDS<\/a><\/td>\n<\/tr>\n<tr>\n<td><strong>1514XP <strong>Huile<\/strong><\/strong><\/td>\n<td>Ce grade est de\u00a0qualit\u00e9 standard, mais il comprend un additif soluble pour \u00e9viter la rouille . Ce grade est \u00e9galement utilis\u00e9 dans les applications o\u00f9 les huiles de la pompe \u00e0 vide conventionnelle causent des probl\u00e8mes de s\u00e9curit\u00e9. Il est ininflammable et \u00e9limine les risques d&rsquo;incendie dans les pompes. Il est non r\u00e9actif et s\u00fbr \u00e0 utiliser dans les syst\u00e8mes d&rsquo;oxyg\u00e8ne. Elle a une viscosit\u00e9 de 32 cSt \u00e0 50 \u00b0 C.<\/td>\n<td><a href=\"http:\/\/www.f-bacon.com\/wp-content\/uploads\/2016\/04\/SDS-Krytox-XP-1AX-Oil-ISS150327-English.pdf\" target=\"_blank\" rel=\"\">SDS<\/a><\/td>\n<\/tr>\n<tr>\n<td><strong>1525 <strong>Huile<\/strong><\/strong><\/td>\n<td>Ce grade est utilis\u00e9 dans les applications o\u00f9 les huiles de la pompe \u00e0 vide conventionnelle causent des probl\u00e8mes de s\u00e9curit\u00e9. Il est ininflammable et \u00e9limine les risques d&rsquo;incendie dans les pompes. Il est non r\u00e9actif et s\u00fbr \u00e0 utiliser dans les syst\u00e8mes d&rsquo;oxyg\u00e8ne. Viscosit\u00e9 de 52\u00a0cSt \u00e0 50 \u00b0 C.<\/td>\n<td><a href=\"http:\/\/www.f-bacon.com\/wp-content\/uploads\/2016\/04\/SDS-Krytox-PFPE-Oils-ISS150402-English.pdf\" target=\"_blank\" rel=\"\">SDS<\/a><\/td>\n<\/tr>\n<tr>\n<td><strong>1525XP <strong>Huile<\/strong><\/strong><\/td>\n<td>Huile pour\u00a0pompe \u00e0 vide qui contient un additif soluble pour emp\u00eacher la rouille. Elle a une viscosit\u00e9 de 52\u00a0cSt \u00e0 50 \u00b0 C.<\/td>\n<td><a href=\"http:\/\/www.f-bacon.com\/wp-content\/uploads\/2016\/04\/SDS-Krytox-XP-1AX-Oil-ISS150327-English.pdf\" target=\"_blank\" rel=\"\">SDS<\/a><\/td>\n<\/tr>\n<tr>\n<td><strong>1531 <strong>Huile<\/strong><\/strong><\/td>\n<td>Ce grade est utilis\u00e9 dans les applications o\u00f9 les huiles de la pompe \u00e0 vide conventionnelle causent des probl\u00e8mes de s\u00e9curit\u00e9. Il est ininflammable et \u00e9limine les risques d&rsquo;incendie dans les pompes. Il est non r\u00e9actif et s\u00fbr \u00e0 utiliser dans les syst\u00e8mes d&rsquo;oxyg\u00e8ne. Viscosit\u00e9 de 63cSt \u00e0 50 \u00b0 C.<\/td>\n<td><a href=\"http:\/\/www.f-bacon.com\/wp-content\/uploads\/2016\/04\/MSDS-Krytox-PFPE-Oils-7-9-2013.pdf\" target=\"_blank\" rel=\"\">SDS<\/a><\/td>\n<\/tr>\n<tr>\n<td><strong>1531XP <strong>Huile<\/strong><\/strong><\/td>\n<td>Huile pour\u00a0pompe \u00e0 vide qui contient un additif soluble pour emp\u00eacher la rouille. Elle a une viscosit\u00e9 de 63\u00a0cSt \u00e0 50 \u00b0 C.<\/td>\n<td><a href=\"http:\/\/www.f-bacon.com\/wp-content\/uploads\/2016\/04\/SDS-Krytox-XP-1AX-Oil-ISS150327-English.pdf\" target=\"_blank\" rel=\"\">SDS<\/a><\/td>\n<\/tr>\n<tr>\n<td><strong>16256 <strong>Huile<\/strong><\/strong><\/td>\n<td>Ce grade est utilis\u00e9 dans les applications o\u00f9 les huiles de la pompe \u00e0 vide conventionnelle causent des probl\u00e8mes de s\u00e9curit\u00e9. Il est ininflammable et \u00e9limine les risques d&rsquo;incendie dans les pompes. Il est non r\u00e9actif et s\u00fbr \u00e0 utiliser dans les syst\u00e8mes d&rsquo;oxyg\u00e8ne. Viscosit\u00e9 de 437cSt \u00e0 50 \u00b0 C.<\/td>\n<td><a href=\"http:\/\/www.f-bacon.com\/wp-content\/uploads\/2016\/04\/SDS-Krytox-PFPE-Oils-ISS150402-English.pdf\" target=\"_blank\" rel=\"\">SDS<\/a><\/td>\n<\/tr>\n<tr>\n<td><strong>16350 <strong>Huile<\/strong><\/strong><\/td>\n<td>Sp\u00e9cialis\u00e9, huile de pompe \u00e0 vide avec une viscosit\u00e9 cin\u00e9matique de 3500 \u00e0 20 degr\u00e9s C et un point de -5 degr\u00e9s C.<\/td>\n<td><a href=\"http:\/\/www.f-bacon.com\/wp-content\/uploads\/2016\/04\/MSDS-Krytox-PFPE-Oils-7-9-2013.pdf\" target=\"_blank\" rel=\"\">SDS<\/a><\/td>\n<\/tr>\n<tr>\n<td><strong>1645 <strong>Huile<\/strong><\/strong><\/td>\n<td>Sp\u00e9cialis\u00e9 huile de pompe \u00e0 vide avec une viscosit\u00e9 cin\u00e9matique de 450 \u00e0 20 degr\u00e9s C et un point de -35 degr\u00e9s C.<\/td>\n<td><a href=\"http:\/\/www.f-bacon.com\/wp-content\/uploads\/2016\/04\/MSDS-Krytox-PFPE-Oils-7-9-2013.pdf\" target=\"_blank\" rel=\"\">SDS<\/a><\/td>\n<\/tr>\n<\/tbody>\n<\/table>\n<p><\/p>","protected":false},"excerpt":{"rendered":"<p>Pompes \u00e0 Vide 1506\u00a0Huile Ce grade est utilis\u00e9 dans les applications o\u00f9 les huiles de la pompe \u00e0 vide conventionnelle causent des probl\u00e8mes de s\u00e9curit\u00e9. Il est ininflammable et \u00e9limine les risques d&rsquo;incendie dans les pompes. Il est non r\u00e9actif&#8230; <\/p>\n","protected":false},"author":1,"featured_media":0,"parent":378,"menu_order":0,"comment_status":"closed","ping_status":"closed","template":"","meta":{"footnotes":""},"class_list":["post-403","page","type-page","status-publish","hentry"],"aioseo_notices":[],"_links":{"self":[{"href":"https:\/\/www.f-bacon.com\/fr\/wp-json\/wp\/v2\/pages\/403","targetHints":{"allow":["GET"]}}],"collection":[{"href":"https:\/\/www.f-bacon.com\/fr\/wp-json\/wp\/v2\/pages"}],"about":[{"href":"https:\/\/www.f-bacon.com\/fr\/wp-json\/wp\/v2\/types\/page"}],"author":[{"embeddable":true,"href":"https:\/\/www.f-bacon.com\/fr\/wp-json\/wp\/v2\/users\/1"}],"replies":[{"embeddable":true,"href":"https:\/\/www.f-bacon.com\/fr\/wp-json\/wp\/v2\/comments?post=403"}],"version-history":[{"count":4,"href":"https:\/\/www.f-bacon.com\/fr\/wp-json\/wp\/v2\/pages\/403\/revisions"}],"predecessor-version":[{"id":1234,"href":"https:\/\/www.f-bacon.com\/fr\/wp-json\/wp\/v2\/pages\/403\/revisions\/1234"}],"up":[{"embeddable":true,"href":"https:\/\/www.f-bacon.com\/fr\/wp-json\/wp\/v2\/pages\/378"}],"wp:attachment":[{"href":"https:\/\/www.f-bacon.com\/fr\/wp-json\/wp\/v2\/media?parent=403"}],"curies":[{"name":"wp","href":"https:\/\/api.w.org\/{rel}","templated":true}]}}