{"id":451,"date":"2016-04-07T20:12:25","date_gmt":"2016-04-07T19:12:25","guid":{"rendered":"http:\/\/www.pilibi.com\/F-Bacon\/?page_id=451"},"modified":"2016-07-20T20:59:21","modified_gmt":"2016-07-20T20:59:21","slug":"lubriplate","status":"publish","type":"page","link":"https:\/\/www.f-bacon.com\/fr\/faq\/lubriplate","title":{"rendered":"Lubriplate\u00ae"},"content":{"rendered":"<p><\/p>\n<header class=\"entry-header\">\n<p class=\"entry-title\"><strong>LUBRIPLATE \u2013 HUILES ET GRAISSES ALIMENTAIRES<\/strong> \u2013\u00a0huiles alimentaires et graisse alimentaire certifi\u00e8s NSF H1<\/p>\n<\/header>\n<div class=\"entry-content\">\n<p>F-Bacon Industriel\u00a0\u2013 votre distributeur\u00a0Canadien<\/p>\n<p>f. Bacon Industriel\u00a0est le distributeur de LUBRIPLATE\u00ae pour le Ccanada. Leur sp\u00e9cialit\u00e9 sont les lubrifiants certifi\u00e9s NSF H1 destin\u00e9s \u00e0 l\u2019industrie alimentaire. Dans ce domaine, Lubriplate\u00ae sont les leaders du march\u00e9 mondial.<\/p>\n<p>Les graisses et huiles alimentaires de LUBRIPLATE certifi\u00e9es et enregistr\u00e9es font plus que lubrifier vos machines de fa\u00e7on optimale. Ils pr\u00e9viennent la contamination toujours possible par des composants chimiques incontr\u00f4l\u00e9s contenus dans les lubrifiants habituels du type H-2. Passer tous vos lubrifiants aux produits LUBRIPLATE H1 signifie que l\u2019\u00e9l\u00e9ment \u201clubrification\u201d peut \u00eatre exclu totalement comme danger chimique.<\/p>\n<ul.list-3 li{background-position: 3px 3px !important;}>\n<li>Lubriplate lubrification pour l\u2019industrie alimentaire<\/li>\n<li>Lubriplate graisse alimentaire et huile alimentaire bio<\/li>\n<\/ul>\n<p>&nbsp;<\/p>\n<p><strong>Un proc\u00e9d\u00e9 de production contr\u00f4l\u00e9 \u00e0 tous les niveaux<\/strong><\/p>\n<p>Le cheminement des produits LUBRIPLATE au cours de leur production est contr\u00f4l\u00e9 s\u00e9v\u00e8rement et r\u00e9pond aux r\u00e8gles de qualit\u00e9 ISO 21469, ISO 9001, ISO 14001 et ISO 22000. Les huiles et graisses alimentaires LUBRIPLATE sont compos\u00e9es exclusivement d\u2019huiles de base de premi\u00e8re qualit\u00e9 et d\u2019additifs de haute technologie. Tous ces ingr\u00e9dients r\u00e9pondent aux r\u00e8gles \u00e9dit\u00e9es par la FDA sous la r\u00e9f\u00e9rence 21 CFR 178.3570 : lubrifiants qui peuvent entrer occasionnellement en contact avec les aliments. La lubrification exclusive par les lubrifiants LUBRIPLATE NSF H-1 exclut la lubrification comme point critique.<\/p>\n<p>Vous cherchez une graisse alimentaire ou des huiles alimentiares ? N\u2019 h\u00e9sitez pas \u00e0 nous contacter !<\/p>\n<h4>Graisse alimentaire Lubriplate<\/h4>\n<p><strong>Lubriplate FGL graisse alimentaire pour machine S\u00e9rie FGL<\/strong><br \/>\nGraisses alimentaires haute performance et polyvalentes<\/p>\n<p>Con\u00e7ues pour r\u00e9pondre aux exigences des ing\u00e9nieurs des usines du domaine alimentaire et boissons qui veulent des graisses de classe NSF H1 pour remplacer enti\u00e8rement les graisses de classe H-2. Renforc\u00e9es avec des additifs contre l\u2019usure, la rouille et la corrosion qui s\u2019allient pour offrir une excellente stabilit\u00e9 protectrice, une r\u00e9sistance \u00e0 la charge, \u00e0 l\u2019eau et au lavage caustique. Disponible en quatre consistances NLGI pour une multitude d\u2019applications.<\/p>\n<p><strong>Lubriplate synxtreme fg graisse alimentaire S\u00e9rie SYNXTREME FG<\/strong><br \/>\nGraisses pour machines alimentaires, synth\u00e9tiques, complexe sulfonate de calcium<\/p>\n<p>Graisses haute performance, multifonction, synth\u00e9tiques, de classe alimentaire. Tr\u00e8s r\u00e9sistantes \u00e0 l\u2019eau et aux solutions caustiques de lavage \u00e0 l\u2019eau. Excellentes performances \u00e0 haute et basse temp\u00e9rature.<\/p>\n<p>SynXtreme FG-1\/220 et FG-2\/220 sont formul\u00e9es avec un fluide \u00e0 base plus \u00e9paisse (grade ISO 220) et sont recommand\u00e9es pour les roulements op\u00e9rant \u00e0 vitesse basse \u00e0 moyenne par des temp\u00e9ratures \u00e9lev\u00e9es.<\/p>\n<h4>Huiles alimentaires Lubriplate<\/h4>\n<p><strong>Lubriplate FMO-AW huile alimentaireS\u00e9rie FMO-AW<\/strong><br \/>\nHuiles blanches min\u00e9rales, polyvalentes, de grade alimentaire USP<\/p>\n<p>Pour utilisation lorsque la classe H-1 est requise. Fabriqu\u00e9e en neuf qualit\u00e9s ISO pour une multitude d\u2019applications. Elabor\u00e9e contre l\u2019usure. La FMO-350AW est aussi disponible en couleur rouge et en orange, ce qui facilite la d\u00e9tection des fuites.<\/p>\n<p><strong>Lubriplate SFGO-ultra huile alimentaire S\u00e9rie SFGO Ultra<\/strong><br \/>\nFluides \u00e0 base de polyalphaol\u00e9fine (PAO) de performance sup\u00e9rieure<\/p>\n<p>Formul\u00e9s avec des fluides \u00e0 base de 100% de PAO synth\u00e9tique pour une vari\u00e9t\u00e9 d\u2019applications exigeantes. Ce sont des lubrifiants remarquables, \u00e0 utiliser lors de conditions extr\u00eames sujettes \u00e0 des temp\u00e9ratures tr\u00e8s \u00e9lev\u00e9es ou tr\u00e8s basses. Ils offrent une r\u00e9sistance \u00e0 l\u2019oxydation exceptionnelle et une stabilit\u00e9 thermique remarquable.<\/p>\n<p>Recommand\u00e9s pour les compresseurs \u00e0 air, les syst\u00e8mes hydrauliques, les roulements, les bo\u00eetes de vitesses, les pompes et cha\u00eenes qui subissent des conditions tr\u00e8s exigeantes.<\/p>\n<p><img loading=\"lazy\" decoding=\"async\" class=\"alignnone wp-image-851 size-large\" src=\"http:\/\/www.f-bacon.com\/wp-content\/uploads\/2016\/05\/001-1024x293.png\" alt=\"Lubriplate\" width=\"1024\" height=\"293\" srcset=\"https:\/\/www.f-bacon.com\/wp-content\/uploads\/2016\/05\/001-1024x293.png 1024w, https:\/\/www.f-bacon.com\/wp-content\/uploads\/2016\/05\/001-400x114.png 400w, https:\/\/www.f-bacon.com\/wp-content\/uploads\/2016\/05\/001-300x86.png 300w, https:\/\/www.f-bacon.com\/wp-content\/uploads\/2016\/05\/001-768x219.png 768w, https:\/\/www.f-bacon.com\/wp-content\/uploads\/2016\/05\/001.png 1400w\" sizes=\"auto, (max-width: 1024px) 100vw, 1024px\" \/><\/p>\n<\/div>\n<p><\/p>","protected":false},"excerpt":{"rendered":"<p>LUBRIPLATE \u2013 HUILES ET GRAISSES ALIMENTAIRES \u2013\u00a0huiles alimentaires et graisse alimentaire certifi\u00e8s NSF H1 F-Bacon Industriel\u00a0\u2013 votre distributeur\u00a0Canadien f. Bacon Industriel\u00a0est le distributeur de LUBRIPLATE\u00ae pour le Ccanada. Leur sp\u00e9cialit\u00e9 sont les lubrifiants certifi\u00e9s NSF H1 destin\u00e9s \u00e0 l\u2019industrie alimentaire&#8230;. <\/p>\n","protected":false},"author":1,"featured_media":0,"parent":138,"menu_order":0,"comment_status":"closed","ping_status":"closed","template":"","meta":{"footnotes":""},"class_list":["post-451","page","type-page","status-publish","hentry"],"aioseo_notices":[],"_links":{"self":[{"href":"https:\/\/www.f-bacon.com\/fr\/wp-json\/wp\/v2\/pages\/451","targetHints":{"allow":["GET"]}}],"collection":[{"href":"https:\/\/www.f-bacon.com\/fr\/wp-json\/wp\/v2\/pages"}],"about":[{"href":"https:\/\/www.f-bacon.com\/fr\/wp-json\/wp\/v2\/types\/page"}],"author":[{"embeddable":true,"href":"https:\/\/www.f-bacon.com\/fr\/wp-json\/wp\/v2\/users\/1"}],"replies":[{"embeddable":true,"href":"https:\/\/www.f-bacon.com\/fr\/wp-json\/wp\/v2\/comments?post=451"}],"version-history":[{"count":12,"href":"https:\/\/www.f-bacon.com\/fr\/wp-json\/wp\/v2\/pages\/451\/revisions"}],"predecessor-version":[{"id":1481,"href":"https:\/\/www.f-bacon.com\/fr\/wp-json\/wp\/v2\/pages\/451\/revisions\/1481"}],"up":[{"embeddable":true,"href":"https:\/\/www.f-bacon.com\/fr\/wp-json\/wp\/v2\/pages\/138"}],"wp:attachment":[{"href":"https:\/\/www.f-bacon.com\/fr\/wp-json\/wp\/v2\/media?parent=451"}],"curies":[{"name":"wp","href":"https:\/\/api.w.org\/{rel}","templated":true}]}}