{"id":471,"date":"2016-04-08T16:35:46","date_gmt":"2016-04-08T16:35:46","guid":{"rendered":"http:\/\/www.pilibi.com\/F-Bacon\/?page_id=471"},"modified":"2018-07-18T16:16:56","modified_gmt":"2018-07-18T16:16:56","slug":"bio","status":"publish","type":"page","link":"https:\/\/www.f-bacon.com\/fr\/bio","title":{"rendered":"BIO"},"content":{"rendered":"<p><\/p>\n<h1>Lubrifiants respectueux de l\u2019environnement<\/h1>\n<p>Les lubrifiants respectueux de l\u2019environnement de Lubriplate ont \u00e9t\u00e9 d\u00e9velopp\u00e9s pour aider \u00e0 r\u00e9duire l\u2019impact sur l\u2019environnement sans sacrifier la performance de lubrification. Leur utilisation peut \u00e9galement aider nos clients \u00e0 \u00eatre en conformit\u00e9 avec les r\u00e9glementations environnementales toujours plus nombreuses pour les \u00e9quipements fonctionnant dans des zones \u00e9cologiquement fragiles. Le tableau ci-dessous donne une liste de quelques normes en vigueur dans l\u2019industrie et de termes utilis\u00e9s pour les lubrifiants respectueux de l\u2019environnement.<\/p>\n<p><img loading=\"lazy\" decoding=\"async\" class=\"alignnone size-full wp-image-1149\" src=\"http:\/\/www.f-bacon.com\/wp-content\/uploads\/2016\/04\/ECOlogo.jpg\" alt=\"ECOlogo\" width=\"160\" height=\"168\" \/><\/p>\n<h4>Lubrifiants synth\u00e9tiques respectueux de l\u2019environnement<\/h4>\n<ul.list-3 li{background-position: 3px 3px !important;}>\n<li><a href=\"#SynXtreme AC Series\">SynXtreme AC Series<\/a><\/li>\n<li><a href=\"#Syncool Air Compressor Fluid\">Syncool<\/a><\/li>\n<li><a href=\"#PGO Series\">S\u00e9rie GO<\/a><\/li>\n<li><a href=\"#Bio-Based Hydraulic Oils\">Huiles hydrauliques biosourc\u00e9es<\/a><\/li>\n<li><a href=\"#BasedGreen\">UTF-Bio-Based\/Green<\/a><\/li>\n<li><a href=\"#Biodegradable Penetrating Oil\">Huile p\u00e9n\u00e9trante biod\u00e9gradable multifonction<\/a><\/li>\n<li><a href=\"#Marine-Safe Hydraulic Oils\">Huiles hydrauliques Marine-Safe<\/a><\/li>\n<li><a href=\"#ZF Series Hydraulic Fluids\">Fluides hydrauliques de la s\u00e9rie ZF<\/a><\/li>\n<\/ul>\n<p><a name=\"SynXtreme AC Series\"><\/a><\/p>\n<h4><em>SynXtreme AC Series: <\/em><\/h4>\n<p><em>Fluides de compresseur \u00e0 base de polyolester (POE), biod\u00e9gradables (Pw1), 100 % synth\u00e9tiques. <\/em><\/p>\n<p>Ces fluides exclusifs sont con\u00e7us pour une performance optimale dans les compresseurs \u00e0 air h\u00e9lico\u00efdaux et \u00e0 palettes. Les esters sp\u00e9ciaux d\u2019avant-garde \u00e0 base de POE combin\u00e9s \u00e0 un syst\u00e8me d\u2019additifs multicharg\u00e9s produisent une stabilit\u00e9 d\u2019oxydation in\u00e9gal\u00e9e, une stabilit\u00e9 hydrolytique am\u00e9lior\u00e9e et une excellente protection contre l\u2019usure et la corrosion. Potentiel pour une vidange des fluides \u00e0 intervalles de +10 000 heures. Facilement biod\u00e9gradable (conforme aux crit\u00e8res de l\u2019OCDE) &gt;70 % de biod\u00e9gradation (Pw1).<\/p>\n<p><img loading=\"lazy\" decoding=\"async\" class=\"alignnone wp-image-672 size-thumbnail\" src=\"http:\/\/www.f-bacon.com\/wp-content\/uploads\/2016\/04\/SynXtreme-AC-Series-150x150.jpg\" alt=\"SynXtreme AC Series\" width=\"150\" height=\"150\" srcset=\"https:\/\/www.f-bacon.com\/wp-content\/uploads\/2016\/04\/SynXtreme-AC-Series-150x150.jpg 150w, https:\/\/www.f-bacon.com\/wp-content\/uploads\/2016\/04\/SynXtreme-AC-Series-100x100.jpg 100w, https:\/\/www.f-bacon.com\/wp-content\/uploads\/2016\/04\/SynXtreme-AC-Series-180x180.jpg 180w, https:\/\/www.f-bacon.com\/wp-content\/uploads\/2016\/04\/SynXtreme-AC-Series-60x60.jpg 60w\" sizes=\"auto, (max-width: 150px) 100vw, 150px\" \/><\/p>\n<h2><\/h2>\n<h4><a name=\"Syncool Air Compressor Fluid\"><\/a><em>Syncool: <\/em><\/h4>\n<p><em>Fluide synth\u00e9tique de compresseur \u00e0 air facilement biod\u00e9gradable (Pw1). <\/em><\/p>\n<p>Fluide synth\u00e9tique de compresseur \u00e0 air de haute performance, facilement biod\u00e9gradable, d\u00e9velopp\u00e9 pour r\u00e9pondre aux besoins de la plupart des compresseurs \u00e0 air h\u00e9lico\u00efdaux et \u00e0 palettes o\u00f9 sont pr\u00e9sentes des temp\u00e9ratures de fonctionnement \u00e9lev\u00e9es et pour lesquels les questions relatives \u00e0 l\u2019environnement sont importantes. Facilement biod\u00e9gradable (conforme aux crit\u00e8res de l\u2019OCDE) &gt;70 % de biod\u00e9gradation (Pw1). L\u2019excellente stabilit\u00e9 thermique et d\u2019oxydation aide \u00e0 \u00e9liminer les d\u00e9p\u00f4ts nocifs et \u00e0 allonger l\u2019intervalle entre les vidanges.<\/p>\n<p><img loading=\"lazy\" decoding=\"async\" class=\"alignnone wp-image-671 size-thumbnail\" src=\"http:\/\/www.f-bacon.com\/wp-content\/uploads\/2016\/04\/Syncool_FG-150x150.jpg\" alt=\"Syncool_FG\" width=\"150\" height=\"150\" srcset=\"https:\/\/www.f-bacon.com\/wp-content\/uploads\/2016\/04\/Syncool_FG-150x150.jpg 150w, https:\/\/www.f-bacon.com\/wp-content\/uploads\/2016\/04\/Syncool_FG-100x100.jpg 100w, https:\/\/www.f-bacon.com\/wp-content\/uploads\/2016\/04\/Syncool_FG-180x180.jpg 180w, https:\/\/www.f-bacon.com\/wp-content\/uploads\/2016\/04\/Syncool_FG-60x60.jpg 60w\" sizes=\"auto, (max-width: 150px) 100vw, 150px\" \/><\/p>\n<h2><\/h2>\n<h4><a name=\"PGO Series\"><\/a>S\u00e9rie PGO:<\/h4>\n<p><em>Lubrifiants synth\u00e9tiques \u00e9cologiques pour engrenage, roulement et cha\u00eene \u00e0 base de glycol de polyoxyalkyl\u00e8ne (PAG). <\/em><\/p>\n<p>Ces fluides 100 % glycol de polyoxyalkyl\u00e8ne (PAG) sont con\u00e7us pour les bo\u00eetes de vitesses, les roulements et les cha\u00eenes fonctionnant dans les conditions les plus exigeantes. Ils offrent une exceptionnelle stabilit\u00e9 thermique, une excellente performance face aux pressions extr\u00eames et \u00e0 l\u2019usure et une protection contre les micropiq\u00fbres. Ils vont au-del\u00e0 des 12 phases du test FZG. Les fluides PGO Lubriplate sont exempts de zinc et d\u2019autres additifs susceptibles d\u2019\u00eatre ind\u00e9sirables dans les zones \u00e9cologiquement fragiles. Ils offrent une dur\u00e9e de vie allong\u00e9e et autorisent l\u2019extension des intervalles entre les vidanges, ce qui pr\u00e9serve les ressources et r\u00e9duit les probl\u00e8mes li\u00e9s \u00e0 la mise au rebut des huiles us\u00e9es.<\/p>\n<p><img loading=\"lazy\" decoding=\"async\" class=\"alignnone size-thumbnail wp-image-670\" src=\"http:\/\/www.f-bacon.com\/wp-content\/uploads\/2016\/04\/PGO-Series-PAG-Lubricants-150x150.jpg\" alt=\"PGO Series PAG Lubricants\" width=\"150\" height=\"150\" srcset=\"https:\/\/www.f-bacon.com\/wp-content\/uploads\/2016\/04\/PGO-Series-PAG-Lubricants-150x150.jpg 150w, https:\/\/www.f-bacon.com\/wp-content\/uploads\/2016\/04\/PGO-Series-PAG-Lubricants-100x100.jpg 100w, https:\/\/www.f-bacon.com\/wp-content\/uploads\/2016\/04\/PGO-Series-PAG-Lubricants-180x180.jpg 180w, https:\/\/www.f-bacon.com\/wp-content\/uploads\/2016\/04\/PGO-Series-PAG-Lubricants-60x60.jpg 60w, https:\/\/www.f-bacon.com\/wp-content\/uploads\/2016\/04\/PGO-Series-PAG-Lubricants.jpg 260w\" sizes=\"auto, (max-width: 150px) 100vw, 150px\" \/><\/p>\n<div>\n<h2><\/h2>\n<h4><a name=\"Bio-Based Hydraulic Oils\"><\/a>Huiles hydrauliques biosourc\u00e9es:<\/h4>\n<\/div>\n<p><em>Biod\u00e9gradation ultime (Pw1), faible toxicit\u00e9 (LC-50), huiles v\u00e9g\u00e9tales. <\/em><\/p>\n<p>Destin\u00e9 \u00e0 \u00eatre utilis\u00e9 dans les syst\u00e8mes hydrauliques o\u00f9 une faible toxicit\u00e9 et des propri\u00e9t\u00e9s de biod\u00e9gradation sont indispensables. Un additif exempt de zinc offre des propri\u00e9t\u00e9s exceptionnelles contre l\u2019usure, la rouille, la rouille et la d\u00e9s\u00e9mulsibilit\u00e9. Ces huiles sont conformes aux exigences des normes ASTM D-5864 (Pw1) des agences am\u00e9ricaines US EPA et US Fish and Wildlife (LC50).<\/p>\n<p><img loading=\"lazy\" decoding=\"async\" class=\"alignnone size-thumbnail wp-image-665\" src=\"http:\/\/www.f-bacon.com\/wp-content\/uploads\/2016\/04\/Bio-Based-Series-Hydraulic-Oils-150x79.jpg\" alt=\"Bio-Based Series Hydraulic Oils\" width=\"150\" height=\"79\" \/><\/p>\n<div>\n<h2><\/h2>\n<h4><a name=\"BasedGreen\"><\/a>UTF-Bio-Based\/Green:<\/h4>\n<\/div>\n<div>\n<p><em>Fluide v\u00e9g\u00e9tal tracteur universel \u00e0 biod\u00e9gradation ultime (Pw1). <\/em><\/p>\n<p>Fluide v\u00e9g\u00e9tal tracteur universel \u00e0 biod\u00e9gradation ultime (Pw1) con\u00e7u pour les \u00e9quipements utilis\u00e9s en agriculture et dans la construction et l\u2019industrie o\u00f9 des fluides de type UTF sont exig\u00e9s. Satisfait aux exigences de la norme API GL-4 et de la plupart des fabricants d\u2019origine, y compris : John Deere HY-GARD, J20-C, J14A, Quantrol&#x2122; J20D, Allison C-3 et C-4, Cat TO-2, Case, Ford, Massey-Ferguson White Farm, Kubota, Steiger, etc.<\/p>\n<\/div>\n<div>\n<p><img loading=\"lazy\" decoding=\"async\" class=\"alignnone size-thumbnail wp-image-673\" src=\"http:\/\/www.f-bacon.com\/wp-content\/uploads\/2016\/04\/UTF-Bio-BasedGreen-150x150.jpg\" alt=\"UTF-Bio-BasedGreen\" width=\"150\" height=\"150\" srcset=\"https:\/\/www.f-bacon.com\/wp-content\/uploads\/2016\/04\/UTF-Bio-BasedGreen-150x150.jpg 150w, https:\/\/www.f-bacon.com\/wp-content\/uploads\/2016\/04\/UTF-Bio-BasedGreen-100x100.jpg 100w, https:\/\/www.f-bacon.com\/wp-content\/uploads\/2016\/04\/UTF-Bio-BasedGreen-180x180.jpg 180w, https:\/\/www.f-bacon.com\/wp-content\/uploads\/2016\/04\/UTF-Bio-BasedGreen-60x60.jpg 60w\" sizes=\"auto, (max-width: 150px) 100vw, 150px\" \/><\/p>\n<\/div>\n<div>\n<h2><\/h2>\n<h4><a name=\"Biodegradable Penetrating Oil\"><\/a>Huile p\u00e9n\u00e9trante biod\u00e9gradable multifonction:<\/h4>\n<\/div>\n<div>\n<p>lubrifiant \u00e9cologique biod\u00e9gradable v\u00e9g\u00e9tal multifonction en vaporisateur.<\/p>\n<p>Huile lubrifiante \u00e9cologique, biod\u00e9gradable, biosourc\u00e9e, destin\u00e9e \u00e0 la lubrification en g\u00e9n\u00e9ral : charni\u00e8res, verrous, loquets, fermetures coulissantes, cha\u00eenes, c\u00e2bles ou partout o\u00f9 deux pi\u00e8ces de m\u00e9tal sont en contact. Id\u00e9al pour voitures, bateaux, v\u00e9los, \u00e9quipement de jardin, armes \u00e0 feu, outils, \u00e9quipement de bureau, porte de garage, \u00e9quipement agricole et sur les parcours de golf. Elle d\u00e9pose une pellicule de protection longue dur\u00e9e emp\u00eachant la friction, l\u2019usure, la rouille et la corrosion. Remarquables propri\u00e9t\u00e9s de d\u00e9placement d\u2019humidit\u00e9. Disponible en vaporisateur de 12 oz \/340 g, n\u00b0 de ref. L0721-063. et en vaporisateur de 14 oz \/414 ml non a\u00e9rosol, pompe \u00e0 main. N\u00b0 de r\u00e9f. L0721-067.<\/p>\n<p><img loading=\"lazy\" decoding=\"async\" class=\"alignnone size-thumbnail wp-image-666\" src=\"http:\/\/www.f-bacon.com\/wp-content\/uploads\/2016\/04\/Biodegradable-Penetrating-Oil-150x150.jpg\" alt=\"Biodegradable Penetrating Oil\" width=\"150\" height=\"150\" srcset=\"https:\/\/www.f-bacon.com\/wp-content\/uploads\/2016\/04\/Biodegradable-Penetrating-Oil-150x150.jpg 150w, https:\/\/www.f-bacon.com\/wp-content\/uploads\/2016\/04\/Biodegradable-Penetrating-Oil-100x100.jpg 100w, https:\/\/www.f-bacon.com\/wp-content\/uploads\/2016\/04\/Biodegradable-Penetrating-Oil-180x180.jpg 180w, https:\/\/www.f-bacon.com\/wp-content\/uploads\/2016\/04\/Biodegradable-Penetrating-Oil-60x60.jpg 60w\" sizes=\"auto, (max-width: 150px) 100vw, 150px\" \/><\/p>\n<\/div>\n<div>\n<h2><\/h2>\n<\/div>\n<h4><a name=\"Marine-Safe Hydraulic Oils\"><\/a>Huiles hydrauliques Marine-Safe:<\/h4>\n<p><em>Intrins\u00e8quement biod\u00e9gradable, non toxique pour la vie aquatique (LC-50). <\/em><\/p>\n<p>Formul\u00e9s avec des huiles min\u00e9rales USP de qualit\u00e9 sup\u00e9rieure et un additif anti-usure exempt de zinc, ces fluides hydrauliques haute performance satisfont ou exc\u00e8dent les exigences de performance de la plupart des types d\u2019\u00e9quipement hydraulique tout en offrant une meilleure innocuit\u00e9 pour l\u2019environnemental. Les huiles hydrauliques Lubriplate Marine-Safe ne sont pas toxiques pour la vie aquatique et vont au-del\u00e0 des exigences de l\u2019EPA (LC50) et de l\u2019US Fish and Wildlife. Ces huiles intrins\u00e8quement biod\u00e9gradables r\u00e9pondent \u00e9galement aux exigences de l\u2019U.S. Coast Guard Static Sheen Test. Elles r\u00e9pondent aux exigences de service de Vickers, Racine, Denison HF-0, HF-2 et Cincinnati Milacron P-68, P-69 and P-70. Elles offrent une excellente stabilit\u00e9 d\u2019oxydation et permettent d\u2019espacer les vidanges des fluides.<\/p>\n<p><img loading=\"lazy\" decoding=\"async\" class=\"alignnone size-thumbnail wp-image-673\" src=\"http:\/\/www.f-bacon.com\/wp-content\/uploads\/2016\/04\/UTF-Bio-BasedGreen-150x150.jpg\" alt=\"UTF-Bio-BasedGreen\" width=\"150\" height=\"150\" srcset=\"https:\/\/www.f-bacon.com\/wp-content\/uploads\/2016\/04\/UTF-Bio-BasedGreen-150x150.jpg 150w, https:\/\/www.f-bacon.com\/wp-content\/uploads\/2016\/04\/UTF-Bio-BasedGreen-100x100.jpg 100w, https:\/\/www.f-bacon.com\/wp-content\/uploads\/2016\/04\/UTF-Bio-BasedGreen-180x180.jpg 180w, https:\/\/www.f-bacon.com\/wp-content\/uploads\/2016\/04\/UTF-Bio-BasedGreen-60x60.jpg 60w\" sizes=\"auto, (max-width: 150px) 100vw, 150px\" \/><\/p>\n<h2><\/h2>\n<h4><a name=\"ZF Series Hydraulic Fluids\"><\/a>Fluides hydrauliques de la s\u00e9rie ZF:<\/h4>\n<p><em>Fluides hydrauliques service intensif, exempts de zinc, \u00e0 dur\u00e9e de vie \u00e9tendue. <\/em><\/p>\n<p>Ces fluides service intensif haute performance ont \u00e9t\u00e9 con\u00e7us pour fonctionner dans les applications hydrauliques les plus exigeantes. Ils sont capables de r\u00e9sister \u00e0 des temp\u00e9ratures tr\u00e8s \u00e9lev\u00e9es et \u00e0 de hautes pressions pendant de longues p\u00e9riodes, ce qui leur assure une dur\u00e9e de service prolong\u00e9e et un espacement des vidanges de fluides. Elles r\u00e9pondent aux exigences de service de Vickers (Eaton) M-2950-S, I-286-S, General Motors LS-2, Bosch Rexroth RE 90 220, Denison HF- 0, HF-1, HF-2 et Cincinnati Milacron P-68, P-69 et P-70. Les fluides hydrauliques Lubriplate de la s\u00e9rie ZF sont exempts de zinc et de compos\u00e9s de silicone.<\/p>\n<p><img loading=\"lazy\" decoding=\"async\" class=\"alignnone size-thumbnail wp-image-673\" src=\"http:\/\/www.f-bacon.com\/wp-content\/uploads\/2016\/04\/UTF-Bio-BasedGreen-150x150.jpg\" alt=\"UTF-Bio-BasedGreen\" width=\"150\" height=\"150\" srcset=\"https:\/\/www.f-bacon.com\/wp-content\/uploads\/2016\/04\/UTF-Bio-BasedGreen-150x150.jpg 150w, https:\/\/www.f-bacon.com\/wp-content\/uploads\/2016\/04\/UTF-Bio-BasedGreen-100x100.jpg 100w, https:\/\/www.f-bacon.com\/wp-content\/uploads\/2016\/04\/UTF-Bio-BasedGreen-180x180.jpg 180w, https:\/\/www.f-bacon.com\/wp-content\/uploads\/2016\/04\/UTF-Bio-BasedGreen-60x60.jpg 60w\" sizes=\"auto, (max-width: 150px) 100vw, 150px\" \/><\/p>","protected":false},"excerpt":{"rendered":"<p>Lubrifiants respectueux de l\u2019environnement Les lubrifiants respectueux de l\u2019environnement de Lubriplate ont \u00e9t\u00e9 d\u00e9velopp\u00e9s pour aider \u00e0 r\u00e9duire l\u2019impact sur l\u2019environnement sans sacrifier la performance de lubrification. Leur utilisation peut \u00e9galement aider nos clients \u00e0 \u00eatre en conformit\u00e9 avec les&#8230; <\/p>\n","protected":false},"author":1,"featured_media":0,"parent":0,"menu_order":0,"comment_status":"closed","ping_status":"closed","template":"","meta":{"footnotes":""},"class_list":["post-471","page","type-page","status-publish","hentry"],"aioseo_notices":[],"_links":{"self":[{"href":"https:\/\/www.f-bacon.com\/fr\/wp-json\/wp\/v2\/pages\/471","targetHints":{"allow":["GET"]}}],"collection":[{"href":"https:\/\/www.f-bacon.com\/fr\/wp-json\/wp\/v2\/pages"}],"about":[{"href":"https:\/\/www.f-bacon.com\/fr\/wp-json\/wp\/v2\/types\/page"}],"author":[{"embeddable":true,"href":"https:\/\/www.f-bacon.com\/fr\/wp-json\/wp\/v2\/users\/1"}],"replies":[{"embeddable":true,"href":"https:\/\/www.f-bacon.com\/fr\/wp-json\/wp\/v2\/comments?post=471"}],"version-history":[{"count":9,"href":"https:\/\/www.f-bacon.com\/fr\/wp-json\/wp\/v2\/pages\/471\/revisions"}],"predecessor-version":[{"id":2238,"href":"https:\/\/www.f-bacon.com\/fr\/wp-json\/wp\/v2\/pages\/471\/revisions\/2238"}],"wp:attachment":[{"href":"https:\/\/www.f-bacon.com\/fr\/wp-json\/wp\/v2\/media?parent=471"}],"curies":[{"name":"wp","href":"https:\/\/api.w.org\/{rel}","templated":true}]}}