{"id":7,"date":"2016-03-16T15:32:44","date_gmt":"2016-03-16T14:32:44","guid":{"rendered":"http:\/\/www.pilibi.com\/F-Bacon\/?page_id=7"},"modified":"2018-07-17T18:30:38","modified_gmt":"2018-07-17T18:30:38","slug":"accueil","status":"publish","type":"page","link":"https:\/\/www.f-bacon.com\/fr\/","title":{"rendered":"Accueil"},"content":{"rendered":"<p>Chez <strong>F. Bacon industriel Inc.<\/strong>, nous fournissons le lubrifiant et le syst\u00e8me de lubrification appropri\u00e9s. Nous offrons un\u00a0support et service professionnels apr\u00e8s ventes exceptionnelles.<\/p>\n<p>Pour \u00e9viter le temps d&rsquo;arr\u00eat et afin d&rsquo;am\u00e9liorer la productivit\u00e9 de votre entreprise notre Service sp\u00e9cialis\u00e9 sera r\u00e9pondre \u00e0 vos attentes. Que ce soit de\u00a0l&rsquo;\u00e9tude de votre usine, des analyses de roulement &#8211; lubrifiant, de nouvelles applications ou de la conception de syst\u00e8mes de lubrification, nous serons en mesure de fournir \u00ab\u00a0la bonne quantit\u00e9 de lubrifiant au roulement au bon moment\u00a0\u00bb.<\/p>\n<p>Pour chaque application, il y a un lubrifiant appropri\u00e9 et une fa\u00e7on ad\u00e9quate de le lubrifier &#8211; haute vitesse, haute temp\u00e9rature, r\u00e9sistance chimique, compatibilit\u00e9 avec l&rsquo;oxyg\u00e8ne, pression extr\u00eame, alimentaire,\u00a0P\u00e2te et Papier, A\u00e9rospatial, traitement de produits chimiques ou industries du\u00a0textiles.<\/p>\n<p>Les entrep\u00f4ts de <strong>F. Bacon industriel Inc.<\/strong> ont le plus complet inventaire de produits lubrifiants\u00a0au Canada.<\/p>","protected":false},"excerpt":{"rendered":"<p>Chez F. Bacon industriel Inc., nous fournissons le lubrifiant et le syst\u00e8me de lubrification appropri\u00e9s. Nous offrons un\u00a0support et service professionnels apr\u00e8s ventes exceptionnelles. Pour \u00e9viter le temps d&rsquo;arr\u00eat et afin d&rsquo;am\u00e9liorer la productivit\u00e9 de votre entreprise notre Service sp\u00e9cialis\u00e9&#8230; <\/p>\n","protected":false},"author":1,"featured_media":0,"parent":0,"menu_order":0,"comment_status":"closed","ping_status":"closed","template":"","meta":{"footnotes":""},"class_list":["post-7","page","type-page","status-publish","hentry"],"aioseo_notices":[],"_links":{"self":[{"href":"https:\/\/www.f-bacon.com\/fr\/wp-json\/wp\/v2\/pages\/7","targetHints":{"allow":["GET"]}}],"collection":[{"href":"https:\/\/www.f-bacon.com\/fr\/wp-json\/wp\/v2\/pages"}],"about":[{"href":"https:\/\/www.f-bacon.com\/fr\/wp-json\/wp\/v2\/types\/page"}],"author":[{"embeddable":true,"href":"https:\/\/www.f-bacon.com\/fr\/wp-json\/wp\/v2\/users\/1"}],"replies":[{"embeddable":true,"href":"https:\/\/www.f-bacon.com\/fr\/wp-json\/wp\/v2\/comments?post=7"}],"version-history":[{"count":5,"href":"https:\/\/www.f-bacon.com\/fr\/wp-json\/wp\/v2\/pages\/7\/revisions"}],"predecessor-version":[{"id":2213,"href":"https:\/\/www.f-bacon.com\/fr\/wp-json\/wp\/v2\/pages\/7\/revisions\/2213"}],"wp:attachment":[{"href":"https:\/\/www.f-bacon.com\/fr\/wp-json\/wp\/v2\/media?parent=7"}],"curies":[{"name":"wp","href":"https:\/\/api.w.org\/{rel}","templated":true}]}}