{"id":860,"date":"2016-05-08T17:14:08","date_gmt":"2016-05-08T17:14:08","guid":{"rendered":"http:\/\/nameserveraccess.net\/~fbacon\/wp\/?page_id=860"},"modified":"2018-07-23T20:14:04","modified_gmt":"2018-07-23T20:14:04","slug":"chainguard-2","status":"publish","type":"page","link":"https:\/\/www.f-bacon.com\/fr\/products\/chainguard-2","title":{"rendered":"Chainguard"},"content":{"rendered":"<p><strong>Vaporisateur\u00a0Lubrifiant\u00a0synth\u00e9tique &#8211;\u00a0<\/strong><strong>Haute temp\u00e9rature de Grade alimentaire\u00a0<\/strong><\/p>\n<p><img loading=\"lazy\" decoding=\"async\" class=\"alignnone size-medium wp-image-861\" src=\"http:\/\/www.f-bacon.com\/wp-content\/uploads\/2016\/05\/botls-195x300.png\" alt=\"Chainguard Lubricant\" width=\"195\" height=\"300\" srcset=\"https:\/\/www.f-bacon.com\/wp-content\/uploads\/2016\/05\/botls-195x300.png 195w, https:\/\/www.f-bacon.com\/wp-content\/uploads\/2016\/05\/botls-400x616.png 400w, https:\/\/www.f-bacon.com\/wp-content\/uploads\/2016\/05\/botls.png 407w\" sizes=\"auto, (max-width: 195px) 100vw, 195px\" \/><\/p>\n<p>Formula 600 est une huile synth\u00e9tique sup\u00e9rieure polyvalent \u00e0 haute temp\u00e9rature de qualit\u00e9 alimentaire qui est enrichi avec des additifs anti-usure et des inhibiteurs d&rsquo;oxydant qui optimisent les performances des lubrifiants et offre une protection durable.<\/p>\n<p>Formula 600 a un point d&rsquo;\u00e9clair \u00e9lev\u00e9 et une plage de temp\u00e9rature de fonctionnement recommand\u00e9e de -25 \u00b0 C \u00e0 315 \u00b0 C (-13 \u00b0 F \u00e0 599 \u00b0 F). Il est un produit enregistr\u00e9 NSF H1 de qualit\u00e9 alimentaire qui est acceptable pour un contact accidentel avec de la nourriture dans et autour des zones de transformation des aliments.<\/p>\n<p>Ce produit est con\u00e7u pour \u00eatre utilis\u00e9 dans les usines de transformation des aliments et des m\u00e9dicaments, sur les convoyeurs, les cha\u00eenes, les fours de boulangerie, \u00e9tag\u00e8res, trancheuses, broyeurs, roulettes, et plus encore.<\/p>\n<p><a href=\"http:\/\/www.formula600.ca\/pdf\/Chain-Guard-Formula-600-MSDS.pdf\" target=\"_blank\">MSDS<\/a>\u00a0\/\u00a0<a href=\"http:\/\/www.formula600.ca\/pdf\/Chain-Guard-Formula-600-TDS.pdf\" target=\"_blank\">TDS<\/a>\u00a0\/ <a href=\"http:\/\/www.formula600.ca\/pdf\/146178.pdf\" target=\"_blank\">NSF<\/a> \/ <a href=\"http:\/\/formula600.ca\/CFIA-Formula600.pdf\" target=\"_blank\">CFIA<\/a><\/p>\n<p>&nbsp;<\/p>\n<p><strong>Lubrifiants de cha\u00eene Grade Alimentaire<\/strong><\/p>\n<p><img loading=\"lazy\" decoding=\"async\" class=\"alignnone size-medium wp-image-1237\" src=\"http:\/\/www.f-bacon.com\/wp-content\/uploads\/2016\/05\/CG-FS-PC-100-H1-large-253x300.jpg\" alt=\"HUMIDIT ENVIRONMENT LUBRICANT\" width=\"253\" height=\"300\" srcset=\"https:\/\/www.f-bacon.com\/wp-content\/uploads\/2016\/05\/CG-FS-PC-100-H1-large-253x300.jpg 253w, https:\/\/www.f-bacon.com\/wp-content\/uploads\/2016\/05\/CG-FS-PC-100-H1-large-400x475.jpg 400w, https:\/\/www.f-bacon.com\/wp-content\/uploads\/2016\/05\/CG-FS-PC-100-H1-large.jpg 505w\" sizes=\"auto, (max-width: 253px) 100vw, 253px\" \/><\/p>\n<p><strong>Chain Guard Food Safe PC-100<\/strong> (CG-FS-PC-100-H1)\u00a0de qualit\u00e9 alimentaire, (USP) huile blanche pour cha\u00eene \u00e0 base d&rsquo;huile sp\u00e9cialement con\u00e7ue pour fonctionner dans des environnements tr\u00e8s humides. PC-100 poss\u00e8de une r\u00e9sistance sup\u00e9rieure \u00e0 l&rsquo;usure du m\u00e9tal et ne sera pas \u00e9mulsionner avec de l&rsquo;eau, offrant une excellente protection contre la rouille dans des environnements humides et non-humides<\/p>\n<p><a href=\"http:\/\/www.chainguardlubricants.com\/pdf\/Food-Safe-Proofer-Chain-Lubricant-PC%20100-H1-TDS.pdf\" target=\"_blank\">TDS<\/a>\u00a0\/<\/p>\n<p><strong><br \/>\nLubrifiant Extreme Haute Temperature<\/strong><\/p>\n<p><img loading=\"lazy\" decoding=\"async\" class=\"alignnone size-medium wp-image-856\" src=\"http:\/\/www.f-bacon.com\/wp-content\/uploads\/2016\/03\/chainguard-278x300.jpg\" alt=\"chainguard\" width=\"278\" height=\"300\" srcset=\"https:\/\/www.f-bacon.com\/wp-content\/uploads\/2016\/03\/chainguard-278x300.jpg 278w, https:\/\/www.f-bacon.com\/wp-content\/uploads\/2016\/03\/chainguard.jpg 351w\" sizes=\"auto, (max-width: 278px) 100vw, 278px\" \/><\/p>\n<p><strong>Chain Guard\u00ae Food Grade 220 H1<\/strong> (CG-FS-220-H1) pour\u00a0temp\u00e9rature \u00e9lev\u00e9e, \u00e0 base d&rsquo;ester d&rsquo;huile de cha\u00eene synth\u00e9tique fortifi\u00e9e avec des additifs anti-usure et des inhibiteurs d&rsquo;oxydant qui optimisent la performance et la stabilit\u00e9 du lubrifiant. La d\u00e9tergence naturelle de la cha\u00eene de garde de qualit\u00e9 alimentaire 220 H1 minimise l&rsquo;accumulation de carbone sur les cha\u00eenes classiques ont contribu\u00e9 par PAOs, min\u00e9rales et les lubrifiants \u00e0 base de l\u00e9gumes lorsqu&rsquo;ils sont expos\u00e9s \u00e0 des environnements plus \u00e9lev\u00e9es du four de la temp\u00e9rature. CG-FS-220-H1 a un point d&rsquo;\u00e9clair \u00e9lev\u00e9 et une plage de temp\u00e9rature de fonctionnement recommand\u00e9e de -25 \u00b0 C \u00e0 315 \u00b0 C (-13 \u00b0 F &#8211; 599 \u00b0 F).<\/p>\n<p><a href=\"http:\/\/chainguardlubricants.com\/pdf\/ChainGuard%20Food%20Grade%20220%20H1%20(MSDS).pdf\" target=\"_blank\">MSDS<\/a>\u00a0\/\u00a0<a href=\"http:\/\/chainguardlubricants.com\/pdf\/Chain%20Guard%20Food%20Grade%20220%20H1%20(TDS).pdf\" target=\"_blank\">TDS<\/a>\u00a0\/ <a href=\"http:\/\/chainguardlubricants.com\/pdf\/Food-Safe-220-H1-NSF-Approval.pdf\" target=\"_blank\">NSF<\/a> \/ <a href=\"http:\/\/chainguardlubricants.com\/pdf\/CFIA-acceptance-CG-FS-220-H1.pdf\" target=\"_blank\">CFIA<\/a>\u00a0\/ <a href=\"http:\/\/chainguardlubricants.com\/pdf\/star-k-kosher.pdf\" target=\"_blank\">Kosher<\/a><\/p>\n<p><strong>Chain Guard\u00ae Food Grade Graphite 220<\/strong> (CG-FSG-220-H1)\u00a0de qualit\u00e9 alimentaire, haute temp\u00e9rature, \u00e0 base d&rsquo;ester, une huile \u00e0 cha\u00eene enti\u00e8rement synth\u00e9tique enrichie avec des additifs anti-usure et d&rsquo;inhibiteurs d&rsquo;oxydant qui permettent d&rsquo;optimiser les performances et la stabilit\u00e9 du lubrifiant. Ce lubrifiant haut de gamme est con\u00e7u pour une utilisation sur les cha\u00eenes o\u00f9 une excellente stabilit\u00e9 thermique et une r\u00e9duction des d\u00e9p\u00f4ts formation est n\u00e9cessaire. CG- FSG- 220 -H1 cha\u00eene four lubrifiant assure une meilleure charge et l&rsquo;usure des propri\u00e9t\u00e9s que H1 huiles de p\u00e9trole ou blanc OAP. Il a un point d&rsquo;\u00e9clair \u00e9lev\u00e9 et recommand\u00e9 haute gamme de temp\u00e9ratures de fonctionnement allant jusqu&rsquo;\u00e0 650 \u00b0 C ( 1200 \u00b0 F ). Chain Guard\u00aeFood Graphite 220 est un produit enregistr\u00e9 NSF H1 qui r\u00e9pond \u00e0 tous les r\u00e8glements \u00e9tablis par la FDA et est approuv\u00e9 pour le contact accidentel avec les aliments dans et autour des zones de transformation des aliments.<\/p>\n<p><a href=\"http:\/\/www.chainguardlubricants.com\/pdf\/white-graphite-fg-220.pdf\" target=\"_blank\">TDS<\/a>\u00a0\/ <a href=\"http:\/\/www.chainguardlubricants.com\/pdf\/white-graphite-fg-220-msds.pdf\" target=\"_blank\">MSDS<\/a> \/ <a href=\"http:\/\/www.chainguardlubricants.com\/pdf\/NSF144290.pdf\" target=\"_blank\">NSF<\/a>\u00a0\/ <a href=\"http:\/\/www.chainguardlubricants.com\/pdf\/CG-FSH-220-H1-OU-certficate.pdf\" target=\"_blank\">Kosher<\/a>\u00a0\/\u00a0<a href=\"http:\/\/www.f-bacon.com\/wp-content\/uploads\/2016\/05\/synthetic-vs-graphite.pdf\" target=\"_blank\">Synthetic Lubricant Vs Graphite Lubricant<\/a><\/p>","protected":false},"excerpt":{"rendered":"<p>Vaporisateur\u00a0Lubrifiant\u00a0synth\u00e9tique &#8211;\u00a0Haute temp\u00e9rature de Grade alimentaire\u00a0 Formula 600 est une huile synth\u00e9tique sup\u00e9rieure polyvalent \u00e0 haute temp\u00e9rature de qualit\u00e9 alimentaire qui est enrichi avec des additifs anti-usure et des inhibiteurs d&rsquo;oxydant qui optimisent les performances des lubrifiants et offre une&#8230; <\/p>\n","protected":false},"author":1,"featured_media":0,"parent":34,"menu_order":9,"comment_status":"closed","ping_status":"closed","template":"","meta":{"footnotes":""},"class_list":["post-860","page","type-page","status-publish","hentry"],"aioseo_notices":[],"_links":{"self":[{"href":"https:\/\/www.f-bacon.com\/fr\/wp-json\/wp\/v2\/pages\/860","targetHints":{"allow":["GET"]}}],"collection":[{"href":"https:\/\/www.f-bacon.com\/fr\/wp-json\/wp\/v2\/pages"}],"about":[{"href":"https:\/\/www.f-bacon.com\/fr\/wp-json\/wp\/v2\/types\/page"}],"author":[{"embeddable":true,"href":"https:\/\/www.f-bacon.com\/fr\/wp-json\/wp\/v2\/users\/1"}],"replies":[{"embeddable":true,"href":"https:\/\/www.f-bacon.com\/fr\/wp-json\/wp\/v2\/comments?post=860"}],"version-history":[{"count":17,"href":"https:\/\/www.f-bacon.com\/fr\/wp-json\/wp\/v2\/pages\/860\/revisions"}],"predecessor-version":[{"id":2245,"href":"https:\/\/www.f-bacon.com\/fr\/wp-json\/wp\/v2\/pages\/860\/revisions\/2245"}],"up":[{"embeddable":true,"href":"https:\/\/www.f-bacon.com\/fr\/wp-json\/wp\/v2\/pages\/34"}],"wp:attachment":[{"href":"https:\/\/www.f-bacon.com\/fr\/wp-json\/wp\/v2\/media?parent=860"}],"curies":[{"name":"wp","href":"https:\/\/api.w.org\/{rel}","templated":true}]}}