{"id":9,"date":"2016-03-16T15:37:28","date_gmt":"2016-03-16T14:37:28","guid":{"rendered":"http:\/\/www.pilibi.com\/F-Bacon\/?page_id=9"},"modified":"2018-07-18T16:18:04","modified_gmt":"2018-07-18T16:18:04","slug":"industries","status":"publish","type":"page","link":"https:\/\/www.f-bacon.com\/fr\/industries","title":{"rendered":"Industries"},"content":{"rendered":"<p><strong>F. Bacon industriel Inc.<\/strong> fournit le lubrifiant et le syst\u00e8me de lubrification automatis\u00e9 pour plusieurs industries, telles l&rsquo;industrie de p\u00e2te \u00e0 papier et papier, l&rsquo;a\u00e9rospatiale, l&rsquo;aviation, les produits chimiques, le textile, l&rsquo;aluminium et beaucoup d&rsquo;autres industries. Cliquez sur une industrie quelconque pour apprendre plus sur les produits de lubrification ainsi que les solutions offertes pour l&rsquo;industrie en question.<\/p>\n<p><strong>Nourriture :<\/strong> Avec un \u00e9quipement complexe, des facteurs environnementaux difficiles, les soucis sur la contamination et l&rsquo;utilisation extensive des convoyeurs, l&rsquo;industrie de nourriture et breuvage a un besoin qui presse pour les meilleurs syst\u00e8mes de lubrification.<\/p>\n<p><a href=\"http:\/\/www.f-bacon.com\/fr\/industries\/alimentaire\"><img loading=\"lazy\" decoding=\"async\" class=\"alignnone size-medium wp-image-880\" src=\"http:\/\/www.f-bacon.com\/fr\/wp-content\/uploads\/2016\/03\/009-300x77.png\" alt=\"Food\" width=\"300\" height=\"77\" srcset=\"https:\/\/www.f-bacon.com\/wp-content\/uploads\/2016\/03\/009-300x77.png 300w, https:\/\/www.f-bacon.com\/wp-content\/uploads\/2016\/03\/009-400x103.png 400w, https:\/\/www.f-bacon.com\/wp-content\/uploads\/2016\/03\/009-768x198.png 768w, https:\/\/www.f-bacon.com\/wp-content\/uploads\/2016\/03\/009-1024x264.png 1024w, https:\/\/www.f-bacon.com\/wp-content\/uploads\/2016\/03\/009.png 1680w\" sizes=\"auto, (max-width: 300px) 100vw, 300px\" \/><\/a><\/p>\n<p><strong>P\u00e2te \u00e0 papier :<\/strong> Les machines qui produisent le papier fonctionnent dans un environnement nuisible d&rsquo;humidit\u00e9 et de chaleur. C&rsquo;est pour cela que ces machines n\u00e9cessitent une lubrification et des syst\u00e8mes de lubrification de qualit\u00e9 sup\u00e9rieure.<\/p>\n<p><a href=\"http:\/\/www.f-bacon.com\/fr\/industries\/pate-a-papier\"><img loading=\"lazy\" decoding=\"async\" class=\"alignnone size-medium wp-image-882\" src=\"http:\/\/www.f-bacon.com\/fr\/wp-content\/uploads\/2016\/03\/0010-300x77.png\" alt=\"Pulp &amp; Paper\" width=\"300\" height=\"77\" srcset=\"https:\/\/www.f-bacon.com\/wp-content\/uploads\/2016\/03\/0010-300x77.png 300w, https:\/\/www.f-bacon.com\/wp-content\/uploads\/2016\/03\/0010-400x103.png 400w, https:\/\/www.f-bacon.com\/wp-content\/uploads\/2016\/03\/0010-768x198.png 768w, https:\/\/www.f-bacon.com\/wp-content\/uploads\/2016\/03\/0010-1024x264.png 1024w, https:\/\/www.f-bacon.com\/wp-content\/uploads\/2016\/03\/0010.png 1680w\" sizes=\"auto, (max-width: 300px) 100vw, 300px\" \/><\/a><\/p>\n<p><strong>A\u00e9rospatial et Aviation :<\/strong> L&rsquo;industrie a\u00e9rospatiale n\u00e9cessite des lubrifiants qui font la diff\u00e9rence entre le succ\u00e8s et l&rsquo;\u00e9chec et qui sont con\u00e7us selon des standards rigides.<\/p>\n<p><a href=\"http:\/\/www.f-bacon.com\/fr\/industries\/aerospatial-et-aviation\"><img loading=\"lazy\" decoding=\"async\" class=\"alignnone size-medium wp-image-884\" src=\"http:\/\/www.f-bacon.com\/fr\/wp-content\/uploads\/2016\/03\/0011-300x77.png\" alt=\"Aerospace\" width=\"300\" height=\"77\" srcset=\"https:\/\/www.f-bacon.com\/wp-content\/uploads\/2016\/03\/0011-300x77.png 300w, https:\/\/www.f-bacon.com\/wp-content\/uploads\/2016\/03\/0011-400x103.png 400w, https:\/\/www.f-bacon.com\/wp-content\/uploads\/2016\/03\/0011-768x198.png 768w, https:\/\/www.f-bacon.com\/wp-content\/uploads\/2016\/03\/0011-1024x264.png 1024w, https:\/\/www.f-bacon.com\/wp-content\/uploads\/2016\/03\/0011.png 1680w\" sizes=\"auto, (max-width: 300px) 100vw, 300px\" \/><\/a><\/p>\n<p><strong>Transformation de produits chimiques :<\/strong> Les industries de transformation de produits chimiques sont les principaux candidats pour l&rsquo;utilisation des lubrifiants d\u00fb aux plusieurs pi\u00e8ces rotatives qui requi\u00e8rent des syst\u00e8mes de lubrification de grande circulation.<\/p>\n<p><a href=\"http:\/\/www.f-bacon.com\/fr\/industries\/produits_chimiques\"><img loading=\"lazy\" decoding=\"async\" class=\"alignnone size-medium wp-image-892\" src=\"http:\/\/www.f-bacon.com\/fr\/wp-content\/uploads\/2016\/03\/0015-300x77.png\" alt=\"Chemical\" width=\"300\" height=\"77\" srcset=\"https:\/\/www.f-bacon.com\/wp-content\/uploads\/2016\/03\/0015-300x77.png 300w, https:\/\/www.f-bacon.com\/wp-content\/uploads\/2016\/03\/0015-400x103.png 400w, https:\/\/www.f-bacon.com\/wp-content\/uploads\/2016\/03\/0015-768x198.png 768w, https:\/\/www.f-bacon.com\/wp-content\/uploads\/2016\/03\/0015-1024x264.png 1024w, https:\/\/www.f-bacon.com\/wp-content\/uploads\/2016\/03\/0015.png 1680w\" sizes=\"auto, (max-width: 300px) 100vw, 300px\" \/><\/a><\/p>\n<p><strong>Textiles :<\/strong> Les lubrifiants de textiles peuvent se trouver dans le processus de filature des fibres synth\u00e9tiques pour r\u00e9duire l&rsquo;\u00e9lectricit\u00e9 statique ou sur les aiguilles dans des op\u00e9rations de couture \u00e0 haute vitesse pour r\u00e9duire la friction.<\/p>\n<p><a href=\"http:\/\/www.f-bacon.com\/fr\/industries\/textiles\"><img loading=\"lazy\" decoding=\"async\" class=\"alignnone size-medium wp-image-886\" src=\"http:\/\/www.f-bacon.com\/fr\/wp-content\/uploads\/2016\/03\/0012-300x77.png\" alt=\"Textiles\" width=\"300\" height=\"77\" srcset=\"https:\/\/www.f-bacon.com\/wp-content\/uploads\/2016\/03\/0012-300x77.png 300w, https:\/\/www.f-bacon.com\/wp-content\/uploads\/2016\/03\/0012-400x103.png 400w, https:\/\/www.f-bacon.com\/wp-content\/uploads\/2016\/03\/0012-768x198.png 768w, https:\/\/www.f-bacon.com\/wp-content\/uploads\/2016\/03\/0012-1024x264.png 1024w, https:\/\/www.f-bacon.com\/wp-content\/uploads\/2016\/03\/0012.png 1680w\" sizes=\"auto, (max-width: 300px) 100vw, 300px\" \/><\/a><\/p>\n<p><strong>Usines d&rsquo;aluminium :<\/strong> L&rsquo;industrie de transformation des m\u00e9taux n\u00e9cessite des lubrifiants totalement r\u00e9sistants aux atmosph\u00e8res corrosives, avec une tol\u00e9rance pour les grandes charges, ainsi qu&rsquo;une bonne r\u00e9sistance au lavage \u00e0 l&rsquo;eau et qui peuvent maintenir une vie extr\u00eamement longue.<\/p>\n<p><a href=\"http:\/\/www.f-bacon.com\/fr\/industries\/usines-daluminium\"><img loading=\"lazy\" decoding=\"async\" class=\"alignnone size-medium wp-image-890\" src=\"http:\/\/www.f-bacon.com\/fr\/wp-content\/uploads\/2016\/03\/0014-300x77.png\" alt=\"Aluminum\" width=\"300\" height=\"77\" srcset=\"https:\/\/www.f-bacon.com\/wp-content\/uploads\/2016\/03\/0014-300x77.png 300w, https:\/\/www.f-bacon.com\/wp-content\/uploads\/2016\/03\/0014-400x103.png 400w, https:\/\/www.f-bacon.com\/wp-content\/uploads\/2016\/03\/0014-768x198.png 768w, https:\/\/www.f-bacon.com\/wp-content\/uploads\/2016\/03\/0014-1024x264.png 1024w, https:\/\/www.f-bacon.com\/wp-content\/uploads\/2016\/03\/0014.png 1680w\" sizes=\"auto, (max-width: 300px) 100vw, 300px\" \/><\/a><\/p>\n<p><strong>\u00c9nergie nucl\u00e9aire :<\/strong> Plusieurs pi\u00e8ces d&rsquo;une usine d&rsquo;\u00e9nergie nucl\u00e9aire sont expos\u00e9es \u00e0 une grande chaleur et humidit\u00e9 ou qui sont difficiles d&rsquo;acc\u00e8s pour un graissage. L&rsquo;utilisation de lubrifiants avec une vie plus longue et une capacit\u00e9 pour les hautes temp\u00e9ratures, permet un bon fonctionnement pour ces pi\u00e8ces sans re-lubrification pour le cycle entier.<\/p>\n<p><a href=\"http:\/\/www.f-bacon.com\/fr\/industries\/energie-nucleaire\"><img loading=\"lazy\" decoding=\"async\" class=\"alignnone size-medium wp-image-888\" src=\"http:\/\/www.f-bacon.com\/fr\/wp-content\/uploads\/2016\/03\/0013-300x77.png\" alt=\"Nuclear\" width=\"300\" height=\"77\" srcset=\"https:\/\/www.f-bacon.com\/wp-content\/uploads\/2016\/03\/0013-300x77.png 300w, https:\/\/www.f-bacon.com\/wp-content\/uploads\/2016\/03\/0013-400x103.png 400w, https:\/\/www.f-bacon.com\/wp-content\/uploads\/2016\/03\/0013-768x198.png 768w, https:\/\/www.f-bacon.com\/wp-content\/uploads\/2016\/03\/0013-1024x264.png 1024w, https:\/\/www.f-bacon.com\/wp-content\/uploads\/2016\/03\/0013.png 1680w\" sizes=\"auto, (max-width: 300px) 100vw, 300px\" \/><\/a><\/p>\n<p><strong>Semi-conducteur :<\/strong> L&rsquo;\u00e9quipement de semi-conducteur est expos\u00e9 aux milieux durs de produits chimiques et doits \u00eatre en mesure de fonctionner sans tenir compte des conditions de ces milieux. Pour rencontrer ces d\u00e9fis, l&rsquo;\u00e9quipement de semi-conducteur n\u00e9cessite une solution de lubrification fiable.<\/p>\n<p><a href=\"http:\/\/www.f-bacon.com\/fr\/industries\/semi-conducteur\"><img loading=\"lazy\" decoding=\"async\" class=\"alignnone size-medium wp-image-875\" src=\"http:\/\/www.f-bacon.com\/fr\/wp-content\/uploads\/2016\/03\/007-1-300x77.png\" alt=\"Semiconductor\" width=\"300\" height=\"77\" srcset=\"https:\/\/www.f-bacon.com\/wp-content\/uploads\/2016\/03\/007-1-300x77.png 300w, https:\/\/www.f-bacon.com\/wp-content\/uploads\/2016\/03\/007-1-400x103.png 400w, https:\/\/www.f-bacon.com\/wp-content\/uploads\/2016\/03\/007-1-768x198.png 768w, https:\/\/www.f-bacon.com\/wp-content\/uploads\/2016\/03\/007-1-1024x264.png 1024w, https:\/\/www.f-bacon.com\/wp-content\/uploads\/2016\/03\/007-1.png 1680w\" sizes=\"auto, (max-width: 300px) 100vw, 300px\" \/><\/a><\/p>\n<p><strong>Chlore et oxyg\u00e8ne :<\/strong> Les industries du chlore et de l&rsquo;oxyg\u00e8ne doivent traiter avec des temp\u00e9ratures et des pressions \u00e9lev\u00e9es. Gr\u00e2ce \u00e0 leurs propri\u00e9t\u00e9s, les huiles fluor\u00e9es sont devenus les lubrifiants pr\u00e9f\u00e9r\u00e9s dans ces industries.<\/p>\n<p><a href=\"http:\/\/www.f-bacon.com\/fr\/industries\/chlore-et-oxygene\"><img loading=\"lazy\" decoding=\"async\" class=\"alignnone size-medium wp-image-894\" src=\"http:\/\/www.f-bacon.com\/fr\/wp-content\/uploads\/2016\/03\/0016-300x77.png\" alt=\"Chlorine &amp; Oxygen\" width=\"300\" height=\"77\" srcset=\"https:\/\/www.f-bacon.com\/wp-content\/uploads\/2016\/03\/0016-300x77.png 300w, https:\/\/www.f-bacon.com\/wp-content\/uploads\/2016\/03\/0016-400x103.png 400w, https:\/\/www.f-bacon.com\/wp-content\/uploads\/2016\/03\/0016-768x198.png 768w, https:\/\/www.f-bacon.com\/wp-content\/uploads\/2016\/03\/0016-1024x264.png 1024w, https:\/\/www.f-bacon.com\/wp-content\/uploads\/2016\/03\/0016.png 1680w\" sizes=\"auto, (max-width: 300px) 100vw, 300px\" \/><\/a><\/p>\n<p><strong>Ondulation de papier :<\/strong> L&rsquo;industrie d&rsquo;ondulation n\u00e9cessite des lubrifiants de performance pour lubrification de roulements sur des grondements chauff\u00e9s dans des tuiles seules et l&rsquo;\u00e9quipement associ\u00e9.<\/p>\n<p><a href=\"http:\/\/www.f-bacon.com\/fr\/industries\/ondulation-de-papier\"><img loading=\"lazy\" decoding=\"async\" class=\"alignnone size-medium wp-image-877\" src=\"http:\/\/www.f-bacon.com\/fr\/wp-content\/uploads\/2016\/03\/008-300x77.png\" alt=\"corrugating\" width=\"300\" height=\"77\" srcset=\"https:\/\/www.f-bacon.com\/wp-content\/uploads\/2016\/03\/008-300x77.png 300w, https:\/\/www.f-bacon.com\/wp-content\/uploads\/2016\/03\/008-400x103.png 400w, https:\/\/www.f-bacon.com\/wp-content\/uploads\/2016\/03\/008-768x198.png 768w, https:\/\/www.f-bacon.com\/wp-content\/uploads\/2016\/03\/008-1024x264.png 1024w, https:\/\/www.f-bacon.com\/wp-content\/uploads\/2016\/03\/008.png 1680w\" sizes=\"auto, (max-width: 300px) 100vw, 300px\" \/><\/a><\/p>\n<p><strong>Valve :<\/strong> Une lubrification est requise en sorte que les valves lubrifient les pi\u00e8ces qui bougent, pour sceller les connections et l&#8217;emballage, ainsi que pour prot\u00e9ger les surfaces de la corrosion et de la d\u00e9gradation.<\/p>\n<p><a href=\"http:\/\/www.f-bacon.com\/fr\/industries\/valve\"><img loading=\"lazy\" decoding=\"async\" class=\"alignnone size-medium wp-image-896\" src=\"http:\/\/www.f-bacon.com\/fr\/wp-content\/uploads\/2016\/03\/Paper-300x77.png\" alt=\"Valve\" width=\"300\" height=\"77\" srcset=\"https:\/\/www.f-bacon.com\/wp-content\/uploads\/2016\/03\/Paper-300x77.png 300w, https:\/\/www.f-bacon.com\/wp-content\/uploads\/2016\/03\/Paper-400x103.png 400w, https:\/\/www.f-bacon.com\/wp-content\/uploads\/2016\/03\/Paper-768x198.png 768w, https:\/\/www.f-bacon.com\/wp-content\/uploads\/2016\/03\/Paper-1024x264.png 1024w, https:\/\/www.f-bacon.com\/wp-content\/uploads\/2016\/03\/Paper.png 1680w\" sizes=\"auto, (max-width: 300px) 100vw, 300px\" \/><\/a><\/p>","protected":false},"excerpt":{"rendered":"<p>F. Bacon industriel Inc. fournit le lubrifiant et le syst\u00e8me de lubrification automatis\u00e9 pour plusieurs industries, telles l&rsquo;industrie de p\u00e2te \u00e0 papier et papier, l&rsquo;a\u00e9rospatiale, l&rsquo;aviation, les produits chimiques, le textile, l&rsquo;aluminium et beaucoup d&rsquo;autres industries. Cliquez sur une industrie&#8230; <\/p>\n","protected":false},"author":1,"featured_media":0,"parent":0,"menu_order":1,"comment_status":"closed","ping_status":"closed","template":"","meta":{"footnotes":""},"class_list":["post-9","page","type-page","status-publish","hentry"],"aioseo_notices":[],"_links":{"self":[{"href":"https:\/\/www.f-bacon.com\/fr\/wp-json\/wp\/v2\/pages\/9","targetHints":{"allow":["GET"]}}],"collection":[{"href":"https:\/\/www.f-bacon.com\/fr\/wp-json\/wp\/v2\/pages"}],"about":[{"href":"https:\/\/www.f-bacon.com\/fr\/wp-json\/wp\/v2\/types\/page"}],"author":[{"embeddable":true,"href":"https:\/\/www.f-bacon.com\/fr\/wp-json\/wp\/v2\/users\/1"}],"replies":[{"embeddable":true,"href":"https:\/\/www.f-bacon.com\/fr\/wp-json\/wp\/v2\/comments?post=9"}],"version-history":[{"count":7,"href":"https:\/\/www.f-bacon.com\/fr\/wp-json\/wp\/v2\/pages\/9\/revisions"}],"predecessor-version":[{"id":1180,"href":"https:\/\/www.f-bacon.com\/fr\/wp-json\/wp\/v2\/pages\/9\/revisions\/1180"}],"wp:attachment":[{"href":"https:\/\/www.f-bacon.com\/fr\/wp-json\/wp\/v2\/media?parent=9"}],"curies":[{"name":"wp","href":"https:\/\/api.w.org\/{rel}","templated":true}]}}