{"id":94,"date":"2016-04-04T18:23:33","date_gmt":"2016-04-04T17:23:33","guid":{"rendered":"http:\/\/www.pilibi.com\/F-Bacon\/?page_id=94"},"modified":"2020-08-22T19:38:24","modified_gmt":"2020-08-22T19:38:24","slug":"dupont-krytox","status":"publish","type":"page","link":"https:\/\/www.f-bacon.com\/fr\/products\/dupont-krytox","title":{"rendered":"Dupont Krytox"},"content":{"rendered":"<p>Les huiles et les graisses de <b>Krytox\u00ae<\/b> offre une combinaison unique de propri\u00e9t\u00e9s qui procure des performances exceptionnelles, pour des solutions \u00e0 vos probl\u00e8mes les plus difficiles. Par rapport \u00e0 d&rsquo;autres lubrifiants, seulement Krytox\u00ae combine les huiles et les graisses \u00e0 haute temp\u00e9rature de fonctionnement, non-inflammabilit\u00e9 et inertie chimique dans le cadre d&rsquo;un large \u00e9ventail de conditions. Les huiles et les graisses de Krytox\u00ae augmente la dur\u00e9e de vie des composants critiques, permettant les fabricants d&rsquo;\u00e9quipements de rallonger les garanties et r\u00e9duire l&rsquo;entretien co\u00fbteux pour les usines de fabrication, tout en am\u00e9liorant la productivit\u00e9 par la r\u00e9duction de panne de composant. Ces huiles et ces graisses peuvent \u00eatre une contribution importante \u00e0 l&rsquo;abaissement du co\u00fbt de faire des affaires.<\/p>\n<p>La s\u00e9lection des meilleurs lubrifiant implique l&rsquo;analyse des conditions de fonctionnement et en choisissant parmi les nombreux synth\u00e9tiques et les produits \u00e0 base de p\u00e9trole.<\/p>\n<p>La plupart des produits p\u00e9troliers commencent \u00e0 se d\u00e9grader avant 99 \u00b0C (210 \u00b0F) et \u00e0 cesser de tourner juste au-dessous d&rsquo;une temp\u00e9rature de -18 \u00b0C (0 \u00b0F). Les lubrifiants synth\u00e9tiques de Krytox\u00ae ont une exploitation variant de &lt;-70 \u00e0 316 \u00b0C (&lt;-94 \u00e0 600 \u00b0F). Ils sont non r\u00e9actifs, non-inflammable, s\u00fbr en service d&rsquo;oxyg\u00e8ne, et ont une longue dur\u00e9e de vie.<\/p>\n<p style=\"text-align: left;\"><a href=\"http:\/\/www.f-bacon.com\/wp-content\/uploads\/2016\/11\/Krytox_Dupont.pdf\" target=\"_blank\" rel=\"\">Krytox_Brochure<\/a><\/p>\n<p style=\"text-align: right;\"><img loading=\"lazy\" decoding=\"async\" class=\"size-full wp-image-685 alignleft\" src=\"http:\/\/www.f-bacon.com\/wp-content\/uploads\/2016\/04\/krytox.jpg\" alt=\"krytox\" width=\"600\" height=\"424\" srcset=\"https:\/\/www.f-bacon.com\/wp-content\/uploads\/2016\/04\/krytox.jpg 600w, https:\/\/www.f-bacon.com\/wp-content\/uploads\/2016\/04\/krytox-400x283.jpg 400w, https:\/\/www.f-bacon.com\/wp-content\/uploads\/2016\/04\/krytox-300x212.jpg 300w\" sizes=\"auto, (max-width: 600px) 100vw, 600px\" \/><\/p>\n<p><\/p>","protected":false},"excerpt":{"rendered":"<p>Les huiles et les graisses de Krytox\u00ae offre une combinaison unique de propri\u00e9t\u00e9s qui procure des performances exceptionnelles, pour des solutions \u00e0 vos probl\u00e8mes les plus difficiles. Par rapport \u00e0 d&rsquo;autres lubrifiants, seulement Krytox\u00ae combine les huiles et les graisses&#8230; <\/p>\n","protected":false},"author":1,"featured_media":298,"parent":34,"menu_order":1,"comment_status":"closed","ping_status":"closed","template":"","meta":{"footnotes":""},"class_list":["post-94","page","type-page","status-publish","has-post-thumbnail","hentry"],"aioseo_notices":[],"_links":{"self":[{"href":"https:\/\/www.f-bacon.com\/fr\/wp-json\/wp\/v2\/pages\/94","targetHints":{"allow":["GET"]}}],"collection":[{"href":"https:\/\/www.f-bacon.com\/fr\/wp-json\/wp\/v2\/pages"}],"about":[{"href":"https:\/\/www.f-bacon.com\/fr\/wp-json\/wp\/v2\/types\/page"}],"author":[{"embeddable":true,"href":"https:\/\/www.f-bacon.com\/fr\/wp-json\/wp\/v2\/users\/1"}],"replies":[{"embeddable":true,"href":"https:\/\/www.f-bacon.com\/fr\/wp-json\/wp\/v2\/comments?post=94"}],"version-history":[{"count":16,"href":"https:\/\/www.f-bacon.com\/fr\/wp-json\/wp\/v2\/pages\/94\/revisions"}],"predecessor-version":[{"id":2251,"href":"https:\/\/www.f-bacon.com\/fr\/wp-json\/wp\/v2\/pages\/94\/revisions\/2251"}],"up":[{"embeddable":true,"href":"https:\/\/www.f-bacon.com\/fr\/wp-json\/wp\/v2\/pages\/34"}],"wp:featuredmedia":[{"embeddable":true,"href":"https:\/\/www.f-bacon.com\/fr\/wp-json\/"}],"wp:attachment":[{"href":"https:\/\/www.f-bacon.com\/fr\/wp-json\/wp\/v2\/media?parent=94"}],"curies":[{"name":"wp","href":"https:\/\/api.w.org\/{rel}","templated":true}]}}