{"id":97,"date":"2016-04-04T18:24:47","date_gmt":"2016-04-04T17:24:47","guid":{"rendered":"http:\/\/www.pilibi.com\/F-Bacon\/?page_id=97"},"modified":"2016-07-20T20:56:55","modified_gmt":"2016-07-20T20:56:55","slug":"lincoln-industriel","status":"publish","type":"page","link":"https:\/\/www.f-bacon.com\/fr\/products\/lincoln-industriel","title":{"rendered":"Lincoln Industrial"},"content":{"rendered":"<p>Lincoln aide tous genres d&rsquo;industries \u00e0 sauver de l&rsquo;argent et \u00e0 augmenter leur productivit\u00e9.<\/p>\n<p>Lincoln industrial a la solution appropri\u00e9e pour votre compagnie, que ce soit de la lubrification manuelle, des syst\u00e8mes automatis\u00e9s simples ou des installations centralis\u00e9s \u00e0 grande \u00e9chelle. Avec le programme BearingSaver et nos offres extensives de produits, Lincoln assortit le lubrifiant appropri\u00e9 ou le syst\u00e8me de pompage \u00e0 chaque client et \u00e0 chaque application. Les r\u00e9sultants tangibles sont donc les \u00e9conomies et la productivit\u00e9 augment\u00e9e.<\/p>\n<ul.list-3 li{background-position: 3px 3px !important;}>\n<li><a href=\"http:\/\/www.f-bacon.com\/wp-content\/uploads\/2016\/05\/Systeme_Double_Ligne.pdf\" target=\"_blank\">Systeme Double Ligne<\/a><\/li>\n<li><a href=\"http:\/\/www.f-bacon.com\/wp-content\/uploads\/2016\/05\/Powerluber_Graisse.pdf\" target=\"_blank\">Powerluber Graisse<\/a><\/li>\n<li><a href=\"http:\/\/www.f-bacon.com\/wp-content\/uploads\/2016\/05\/PowerLuber.pdf\" target=\"_blank\">Power Luber<\/a><\/li>\n<li><a href=\"http:\/\/www.f-bacon.com\/wp-content\/uploads\/2016\/05\/Pompes_Graisse_CLR.pdf\" target=\"_blank\">Pompes Graisse CLR<\/a><\/li>\n<li><a href=\"http:\/\/www.f-bacon.com\/wp-content\/uploads\/2016\/05\/Pompe_Lubrification.pdf\" target=\"_blank\">Pompe Lubrification<\/a><\/li>\n<li><a href=\"http:\/\/www.f-bacon.com\/wp-content\/uploads\/2016\/05\/Pistolet_Graisseur_Batterie.pdf\" target=\"_blank\">Pistolet Graisseur Batterie<\/a><\/li>\n<li><a href=\"http:\/\/www.f-bacon.com\/wp-content\/uploads\/2016\/05\/Lubrification_Multilignes.pdf\" target=\"_blank\">Lubrification Multilignes<\/a><\/li>\n<li><a href=\"http:\/\/www.f-bacon.com\/wp-content\/uploads\/2016\/05\/Lubrification_Mine_Carrieres.pdf\" target=\"_blank\">Lubrification Mine Carrieres<\/a><\/li>\n<li><a href=\"http:\/\/www.f-bacon.com\/wp-content\/uploads\/2016\/05\/Lubrification_Injecteur.pdf\" target=\"_blank\">Lubrification Injecteur<\/a><\/li>\n<li><a href=\"http:\/\/www.f-bacon.com\/wp-content\/uploads\/2016\/05\/Lubrification_Centralis\u00e9e.pdf\" target=\"_blank\">Lubrification Centralis\u00e9e<\/a><\/li>\n<li><a href=\"http:\/\/www.f-bacon.com\/wp-content\/uploads\/2016\/05\/Industrie_Art_Graphique.pdf\" target=\"_blank\">Industrie Art Graphique<\/a><\/li>\n<li><a href=\"http:\/\/www.f-bacon.com\/wp-content\/uploads\/2016\/05\/Graissage_Engrenage_Ouvert.pdf\" target=\"_blank\">Graissage Engrenage Ouvert<\/a><\/li>\n<li><a href=\"http:\/\/www.f-bacon.com\/wp-content\/uploads\/2016\/05\/EOS_Lubrification_Agricole.pdf\" target=\"_blank\">EOS Lubrification Agricole<\/a><\/li>\n<li><a href=\"http:\/\/www.f-bacon.com\/wp-content\/uploads\/2016\/05\/\u00c9nergies_Renouvelables.pdf\" target=\"_blank\">\u00c9nergies Renouvelables<\/a><\/li>\n<li><a href=\"http:\/\/www.f-bacon.com\/wp-content\/uploads\/2016\/05\/Graissage_Vehicule_Industriels.pdf\" target=\"_blank\">Graissage Vehicule Industriels<\/a><\/li>\n<li><a href=\"http:\/\/www.f-bacon.com\/wp-content\/uploads\/2016\/05\/Quicklub.pdf\" target=\"_blank\">Quicklub<\/a><\/li>\n<li><a href=\"http:\/\/www.f-bacon.com\/wp-content\/uploads\/2016\/05\/Pression_Ligne.pdf\" target=\"_blank\">Pression Ligne<\/a><\/li>\n<li><a href=\"http:\/\/www.f-bacon.com\/wp-content\/uploads\/2016\/05\/PowerLuber-Pompe-\u00e0-graisse.pdf\" target=\"_blank\">PowerLuber <\/a><a href=\"http:\/\/www.f-bacon.com\/wp-content\/uploads\/2016\/05\/PowerLuber-Pompe-\u00e0-graisse.pdf\" target=\"_blank\">Pompe \u00e0 graisse<\/a><\/li>\n<li><a href=\"http:\/\/www.f-bacon.com\/wp-content\/uploads\/2016\/05\/Pompe_HTL.pdf\" target=\"_blank\">Pompe HTL<\/a><\/li>\n<li><a href=\"http:\/\/www.f-bacon.com\/wp-content\/uploads\/2016\/05\/Pompe_Graisse_Pneumatique.pdf\" target=\"_blank\">Pompe Graisse Pneumatique<\/a><\/li>\n<li><a href=\"http:\/\/www.f-bacon.com\/wp-content\/uploads\/2016\/05\/Pompe_Graisse_Hydraulique.pdf\" target=\"_blank\">Pompe Graisse Hydraulique<\/a><\/li>\n<li><a href=\"http:\/\/www.f-bacon.com\/wp-content\/uploads\/2016\/05\/MOS_MOP212_MGP101.pdf\" target=\"_blank\">MOS MOP212 MGP101<\/a><\/li>\n<li><a href=\"http:\/\/www.f-bacon.com\/wp-content\/uploads\/2016\/05\/Lubrification_Industrie_verre.pdf\" target=\"_blank\">Lubrification Industrie verre<\/a><\/li>\n<li><a href=\"http:\/\/www.f-bacon.com\/wp-content\/uploads\/2016\/05\/Lubrification_Fours_Tournants.pdf\" target=\"_blank\">Lubrification Fours Tournants<\/a><\/li>\n<li><a href=\"http:\/\/www.f-bacon.com\/wp-content\/uploads\/2016\/05\/Lubrification_Chaine_Transport.pdf\" target=\"_blank\">Lubrification Chaine Transport<\/a><\/li>\n<li><a href=\"http:\/\/www.f-bacon.com\/wp-content\/uploads\/2016\/05\/Lubrification_Chaine.pdf\" target=\"_blank\">Lubrification Chaine<\/a><\/li>\n<li><a href=\"http:\/\/www.f-bacon.com\/wp-content\/uploads\/2016\/05\/Lubrification_Centralis\u00e9e_\u00e9olienne.pdf\" target=\"_blank\">Lubrification Centralis\u00e9e \u00e9olienne<\/a><\/li>\n<li><a href=\"http:\/\/www.f-bacon.com\/wp-content\/uploads\/2016\/05\/Lubrification_Automatique_Rails.pdf\" target=\"_blank\">Lubrification Automatique Rails<\/a><\/li>\n<li><a href=\"http:\/\/www.f-bacon.com\/wp-content\/uploads\/2016\/05\/Lubrification_Agricole.pdf\" target=\"_blank\">Lubrification Agricole<\/a><\/li>\n<li><a href=\"http:\/\/www.f-bacon.com\/wp-content\/uploads\/2016\/05\/LMC1.pdf\" target=\"_blank\">LMC1<\/a><\/li>\n<li><a href=\"http:\/\/www.f-bacon.com\/wp-content\/uploads\/2016\/05\/Industries_Agro_Alimentaire.pdf\" target=\"_blank\">Industries Agro Alimentaire<\/a><\/li>\n<li><a href=\"http:\/\/www.f-bacon.com\/wp-content\/uploads\/2016\/05\/Fours_Tournants.pdf\" target=\"_blank\">Fours Tournants<\/a><\/li>\n<li><a href=\"http:\/\/www.f-bacon.com\/wp-content\/uploads\/2016\/05\/Flowmaster.pdf\" target=\"_blank\">Flowmaster<\/a><\/li>\n<li><a href=\"http:\/\/www.f-bacon.com\/wp-content\/uploads\/2016\/05\/Extracteur_Graisse.pdf\" target=\"_blank\">Extracteur Graisse<\/a><\/li>\n<\/ul>\n<ul.list-3 li{background-position: 3px 3px !important;}>\n<li><a href=\"http:\/\/www.f-bacon.com\/wp-content\/uploads\/2016\/04\/Two-line_Systems.pdf\" target=\"_blank\" rel=\"\">Voir la brochure Two-Line Systems (PDF en anglais)<\/a><\/li>\n<li><a href=\"http:\/\/www.f-bacon.com\/wp-content\/uploads\/2016\/04\/Centro-Matic.pdf\" target=\"_blank\" rel=\"\">Voir la brochure Centro-Matic\u00ae (PDF en anglais)<\/a><\/li>\n<li><a href=\"http:\/\/www.f-bacon.com\/wp-content\/uploads\/2016\/04\/Modular_Lube.pdf\" target=\"_blank\" rel=\"\">Voir la brochure Modular Lube\u00ae (PDF en anglais)<\/a><\/li>\n<li><a href=\"http:\/\/www.f-bacon.com\/wp-content\/uploads\/2016\/04\/Lincoln_Quicklub.pdf\" target=\"_blank\" rel=\"\">Voir la brochure Quicklub\u00ae (PDF en anglais)<\/a><\/li>\n<\/ul>\n<p>&nbsp;<\/p>\n<p><img loading=\"lazy\" decoding=\"async\" class=\"alignnone size-full wp-image-1198\" src=\"http:\/\/www.f-bacon.com\/wp-content\/uploads\/2016\/04\/Lincoln-Industrial-Products.png\" alt=\"Lincoln Industrial Products\" width=\"717\" height=\"326\" srcset=\"https:\/\/www.f-bacon.com\/wp-content\/uploads\/2016\/04\/Lincoln-Industrial-Products.png 717w, https:\/\/www.f-bacon.com\/wp-content\/uploads\/2016\/04\/Lincoln-Industrial-Products-400x182.png 400w, https:\/\/www.f-bacon.com\/wp-content\/uploads\/2016\/04\/Lincoln-Industrial-Products-300x136.png 300w\" sizes=\"auto, (max-width: 717px) 100vw, 717px\" \/><\/p>","protected":false},"excerpt":{"rendered":"<p>Lincoln aide tous genres d&rsquo;industries \u00e0 sauver de l&rsquo;argent et \u00e0 augmenter leur productivit\u00e9. Lincoln industrial a la solution appropri\u00e9e pour votre compagnie, que ce soit de la lubrification manuelle, des syst\u00e8mes automatis\u00e9s simples ou des installations centralis\u00e9s \u00e0 grande&#8230; <\/p>\n","protected":false},"author":1,"featured_media":297,"parent":34,"menu_order":2,"comment_status":"closed","ping_status":"closed","template":"","meta":{"footnotes":""},"class_list":["post-97","page","type-page","status-publish","has-post-thumbnail","hentry"],"aioseo_notices":[],"_links":{"self":[{"href":"https:\/\/www.f-bacon.com\/fr\/wp-json\/wp\/v2\/pages\/97","targetHints":{"allow":["GET"]}}],"collection":[{"href":"https:\/\/www.f-bacon.com\/fr\/wp-json\/wp\/v2\/pages"}],"about":[{"href":"https:\/\/www.f-bacon.com\/fr\/wp-json\/wp\/v2\/types\/page"}],"author":[{"embeddable":true,"href":"https:\/\/www.f-bacon.com\/fr\/wp-json\/wp\/v2\/users\/1"}],"replies":[{"embeddable":true,"href":"https:\/\/www.f-bacon.com\/fr\/wp-json\/wp\/v2\/comments?post=97"}],"version-history":[{"count":10,"href":"https:\/\/www.f-bacon.com\/fr\/wp-json\/wp\/v2\/pages\/97\/revisions"}],"predecessor-version":[{"id":1199,"href":"https:\/\/www.f-bacon.com\/fr\/wp-json\/wp\/v2\/pages\/97\/revisions\/1199"}],"up":[{"embeddable":true,"href":"https:\/\/www.f-bacon.com\/fr\/wp-json\/wp\/v2\/pages\/34"}],"wp:featuredmedia":[{"embeddable":true,"href":"https:\/\/www.f-bacon.com\/fr\/wp-json\/"}],"wp:attachment":[{"href":"https:\/\/www.f-bacon.com\/fr\/wp-json\/wp\/v2\/media?parent=97"}],"curies":[{"name":"wp","href":"https:\/\/api.w.org\/{rel}","templated":true}]}}