{"id":99,"date":"2016-04-04T18:28:20","date_gmt":"2016-04-04T17:28:20","guid":{"rendered":"http:\/\/www.pilibi.com\/F-Bacon\/?page_id=99"},"modified":"2016-05-24T14:20:52","modified_gmt":"2016-05-24T14:20:52","slug":"lubriplate","status":"publish","type":"page","link":"https:\/\/www.f-bacon.com\/fr\/products\/lubriplate","title":{"rendered":"Lubriplate"},"content":{"rendered":"<p>Depuis 135 ans, Lubriplate n&rsquo;a manufactur\u00e9 et vendu que des lubrifiants de qualit\u00e9 sup\u00e9rieure pour diverses industries. L&rsquo;arriv\u00e9e du ISO-9000 leur a donn\u00e9 l&rsquo;opportunit\u00e9 de prouver qu&rsquo;ils pr\u00eachent par l&rsquo;exemple. Comme une compagnie enregistr\u00e9e ISO-9000, tous les employ\u00e9s s&rsquo;est totalement engag\u00e9s \u00e0 d\u00e9velopper, \u00e0 manufacturer et \u00e0 vendre des produits de qualit\u00e9 qui rencontrent et d\u00e9passent vos attentes.<\/p>\n<p>Les entrep\u00f4ts de F. Bacon industriel Inc. ont le plus complet et r\u00e9cent inventaire de produits Lubriplate au\u00a0Canada. L&rsquo;utilisation constante de Lubriplate dans votre entreprise d\u00e9livrera des avantages sp\u00e9cifiques \u00e0 vous et \u00e0 votre \u00e9quipement. Lubriplate sont formul\u00e9s en sorte qu&rsquo;ils fournissent une protection sup\u00e9rieure contre les effets de friction, usage, chaleur, rouille et corrosion. Cette protection de qualit\u00e9 r\u00e9sultera en du temps de production grandement am\u00e9lior\u00e9, du temps d&rsquo;arr\u00eat et entretien r\u00e9duits et un remplacement de pi\u00e8ces moins fr\u00e9quent. Tout cela s&rsquo;explique par des op\u00e9rations am\u00e9lior\u00e9es, long\u00e9vit\u00e9 de votre \u00e9quipement et productivit\u00e9 accrue.<\/p>\n<p style=\"text-align: left;\"><a href=\"http:\/\/www.f-bacon.com\/wp-content\/uploads\/2016\/04\/Lubriplate_fr.pdf\" target=\"_blank\" rel=\"\">Brochure Lubriplate (PDF)<\/a><\/p>\n<p style=\"text-align: left;\"><img loading=\"lazy\" decoding=\"async\" class=\"alignnone size-full wp-image-687\" src=\"http:\/\/www.f-bacon.com\/wp-content\/uploads\/2016\/04\/Lubriplate.jpg\" alt=\"Lubriplate\" width=\"900\" height=\"812\" srcset=\"https:\/\/www.f-bacon.com\/wp-content\/uploads\/2016\/04\/Lubriplate.jpg 900w, https:\/\/www.f-bacon.com\/wp-content\/uploads\/2016\/04\/Lubriplate-400x361.jpg 400w, https:\/\/www.f-bacon.com\/wp-content\/uploads\/2016\/04\/Lubriplate-300x271.jpg 300w, https:\/\/www.f-bacon.com\/wp-content\/uploads\/2016\/04\/Lubriplate-768x693.jpg 768w, https:\/\/www.f-bacon.com\/wp-content\/uploads\/2016\/04\/Lubriplate-624x563.jpg 624w\" sizes=\"auto, (max-width: 900px) 100vw, 900px\" \/><\/p>\n<p><\/p>","protected":false},"excerpt":{"rendered":"<p>Depuis 135 ans, Lubriplate n&rsquo;a manufactur\u00e9 et vendu que des lubrifiants de qualit\u00e9 sup\u00e9rieure pour diverses industries. L&rsquo;arriv\u00e9e du ISO-9000 leur a donn\u00e9 l&rsquo;opportunit\u00e9 de prouver qu&rsquo;ils pr\u00eachent par l&rsquo;exemple. Comme une compagnie enregistr\u00e9e ISO-9000, tous les employ\u00e9s s&rsquo;est totalement&#8230; <\/p>\n","protected":false},"author":1,"featured_media":193,"parent":34,"menu_order":0,"comment_status":"closed","ping_status":"closed","template":"","meta":{"footnotes":""},"class_list":["post-99","page","type-page","status-publish","has-post-thumbnail","hentry"],"aioseo_notices":[],"_links":{"self":[{"href":"https:\/\/www.f-bacon.com\/fr\/wp-json\/wp\/v2\/pages\/99","targetHints":{"allow":["GET"]}}],"collection":[{"href":"https:\/\/www.f-bacon.com\/fr\/wp-json\/wp\/v2\/pages"}],"about":[{"href":"https:\/\/www.f-bacon.com\/fr\/wp-json\/wp\/v2\/types\/page"}],"author":[{"embeddable":true,"href":"https:\/\/www.f-bacon.com\/fr\/wp-json\/wp\/v2\/users\/1"}],"replies":[{"embeddable":true,"href":"https:\/\/www.f-bacon.com\/fr\/wp-json\/wp\/v2\/comments?post=99"}],"version-history":[{"count":6,"href":"https:\/\/www.f-bacon.com\/fr\/wp-json\/wp\/v2\/pages\/99\/revisions"}],"predecessor-version":[{"id":1196,"href":"https:\/\/www.f-bacon.com\/fr\/wp-json\/wp\/v2\/pages\/99\/revisions\/1196"}],"up":[{"embeddable":true,"href":"https:\/\/www.f-bacon.com\/fr\/wp-json\/wp\/v2\/pages\/34"}],"wp:featuredmedia":[{"embeddable":true,"href":"https:\/\/www.f-bacon.com\/fr\/wp-json\/"}],"wp:attachment":[{"href":"https:\/\/www.f-bacon.com\/fr\/wp-json\/wp\/v2\/media?parent=99"}],"curies":[{"name":"wp","href":"https:\/\/api.w.org\/{rel}","templated":true}]}}